{"id":880,"date":"2018-02-13T16:34:16","date_gmt":"2018-02-13T15:34:16","guid":{"rendered":"https:\/\/parc-robinson.fr\/ponte-en-contacto-con\/"},"modified":"2025-11-06T10:45:59","modified_gmt":"2025-11-06T09:45:59","slug":"ponte-en-contacto-con","status":"publish","type":"page","link":"https:\/\/parc-robinson.fr\/es\/ponte-en-contacto-con\/","title":{"rendered":"Ponte en contacto con"},"content":{"rendered":"<div class=\"wpb-content-wrapper\"><p>[vc_row css_animation=\u00bb\u00bb row_type=\u00bbrow\u00bb use_row_as_full_screen_section=\u00bbno\u00bb type=\u00bbgrid\u00bb angled_section=\u00bbno\u00bb text_align=\u00bbleft\u00bb background_image_as_pattern=\u00bbwithout_pattern\u00bb z_index=\u00bb\u00bb css=\u00bb.vc_custom_1751019134517{padding-top: 100px !important;padding-bottom: 95px !important;background-image: url(https:\/\/parc-robinson.fr\/wp-content\/uploads\/2025\/06\/numbers-background-final.png?id=595) !important;background-position: center !important;background-repeat: no-repeat !important;background-size: cover !important;}\u00bb][vc_column width=\u00bb1\/5&#8243;]<span data-type=\"normal\" data-hover-icon-color=\"#FFFFFF\" class=\"qode_icon_shortcode  q_font_awsome_icon fa-3x pull-center \" style=\" \"><a  itemprop=\"url\" href=\"https:\/\/maps.app.goo.gl\/CxYxMzpRFYVRy7Zi6\" target=\"_blank\"><i class=\"qode_icon_font_awesome fa fa-map-marker qode_icon_element\" style=\"color: #FFFFFF;\" ><\/i><\/a><\/span>[vc_empty_space height=\u00bb20px\u00bb][vc_column_text css=\u00bb\u00bb el_class=\u00bbwhite\u00bb]<\/p>\n<p style=\"text-align: center;\"><a href=\"https:\/\/maps.app.goo.gl\/CxYxMzpRFYVRy7Zi6\" target=\"_blank\" rel=\"noopener\">Av. de l&#8217;Oc\u00e9an, 40530 Labenne<\/a><\/p>\n<p>[\/vc_column_text][vc_empty_space height=\u00bb60px\u00bb][\/vc_column][vc_column width=\u00bb1\/5&#8243;]<span data-type=\"normal\" data-hover-icon-color=\"#FFFFFF\" class=\"qode_icon_shortcode  q_font_awsome_icon fa-3x pull-center \" style=\" \"><a  itemprop=\"url\" href=\"https:\/\/maps.app.goo.gl\/CxYxMzpRFYVRy7Zi6\" target=\"_blank\"><i class=\"qode_icon_font_awesome fa fa-map qode_icon_element\" style=\"color: #FFFFFF;\" ><\/i><\/a><\/span>[vc_empty_space height=\u00bb20px\u00bb][vc_column_text css=\u00bb\u00bb el_class=\u00bbwhite\u00bb]<\/p>\n<p style=\"text-align: center;\"><a href=\"https:\/\/maps.app.goo.gl\/CxYxMzpRFYVRy7Zi6\" target=\"_blank\" rel=\"noopener\">Itinerario Google<\/a><\/p>\n<p>[\/vc_column_text][vc_empty_space height=\u00bb60px\u00bb][\/vc_column][vc_column width=\u00bb1\/5&#8243;]<span data-type=\"normal\" data-hover-icon-color=\"#FFFFFF\" class=\"qode_icon_shortcode  q_font_awsome_icon fa-3x pull-center \" style=\" \"><a  itemprop=\"url\" href=\"https:\/\/ul.waze.com\/ul?place=ChIJf3AS_ohEUQ0RPHiGxkm47tY&#038;ll=43.59494740%2C-1.45416870&#038;navigate=yes&#038;utm_campaign=default&#038;utm_source=waze_website&#038;utm_medium=lm_share_location\" target=\"_blank\"><i class=\"qode_icon_font_awesome_5 fa5 fab fa-waze qode_icon_element\" style=\"color: #FFFFFF;\" ><\/i><\/a><\/span>[vc_empty_space height=\u00bb20px\u00bb][vc_column_text css=\u00bb\u00bb el_class=\u00bbwhite\u00bb]<\/p>\n<p style=\"text-align: center;\"><a href=\"https:\/\/ul.waze.com\/ul?place=ChIJf3AS_ohEUQ0RPHiGxkm47tY&amp;ll=43.59494740%2C-1.45416870&amp;navigate=yes&amp;utm_campaign=default&amp;utm_source=waze_website&amp;utm_medium=lm_share_location\" target=\"_blank\" rel=\"noopener\">Ruta Waze<\/a><\/p>\n<p>[\/vc_column_text][vc_empty_space height=\u00bb60px\u00bb][\/vc_column][vc_column width=\u00bb1\/5&#8243;]<span data-type=\"normal\" data-hover-icon-color=\"#FFFFFF\" class=\"qode_icon_shortcode  q_font_awsome_icon fa-3x pull-center \" style=\" \"><a  itemprop=\"url\" href=\"tel:0630364325\" target=\"_blank\"><i class=\"qode_icon_font_awesome fa fa-phone qode_icon_element\" style=\"color: #FFFFFF;\" ><\/i><\/a><\/span>[vc_empty_space height=\u00bb20px\u00bb][vc_column_text css=\u00bb\u00bb el_class=\u00bbwhite\u00bb]<\/p>\n<p style=\"text-align: center;\"><a href=\"tel:0630364325\" target=\"_blank\" rel=\"noopener\">06 30 36 43 25<\/a><\/p>\n<p>[\/vc_column_text][vc_empty_space height=\u00bb60px\u00bb][\/vc_column][vc_column width=\u00bb1\/5&#8243;]<span data-type=\"normal\" data-hover-icon-color=\"#FFFFFF\" class=\"qode_icon_shortcode  q_font_awsome_icon fa-3x pull-center \" style=\" \"><a  itemprop=\"url\" href=\"mailto:contact@parc-robinson.fr\" target=\"_blank\"><i class=\"qode_icon_font_awesome fa fa-envelope qode_icon_element\" style=\"color: #FFFFFF;\" ><\/i><\/a><\/span>[vc_empty_space height=\u00bb20px\u00bb][vc_column_text css=\u00bb\u00bb el_class=\u00bbwhite\u00bb]<\/p>\n<p style=\"text-align: center;\"><a href=\"mailto:parc.robinson@gmail.com\" target=\"_blank\" rel=\"noopener\">parc.robinson@gmail.com<\/a><\/p>\n<p>[\/vc_column_text][vc_empty_space height=\u00bb60px\u00bb][\/vc_column][\/vc_row][vc_row css_animation=\u00bb\u00bb row_type=\u00bbrow\u00bb use_row_as_full_screen_section=\u00bbno\u00bb type=\u00bbgrid\u00bb angled_section=\u00bbno\u00bb text_align=\u00bbleft\u00bb background_image_as_pattern=\u00bbwithout_pattern\u00bb z_index=\u00bb\u00bb css=\u00bb.vc_custom_1751544873473{padding-top: 105px !important;}\u00bb el_class=\u00bbcontact-container\u00bb][vc_column offset=\u00bbvc_col-md-6&#8243;]\n<div class=\"wpcf7 no-js\" id=\"wpcf7-f980-o1\" lang=\"es-ES\" dir=\"ltr\" data-wpcf7-id=\"980\">\n<div class=\"screen-reader-response\"><p role=\"status\" aria-live=\"polite\" aria-atomic=\"true\"><\/p> <ul><\/ul><\/div>\n<form action=\"\/es\/wp-json\/wp\/v2\/pages\/880#wpcf7-f980-o1\" method=\"post\" class=\"wpcf7-form init cf7_custom_style_1\" aria-label=\"Formulario de contacto\" novalidate=\"novalidate\" data-status=\"init\">\n<fieldset class=\"hidden-fields-container\"><input type=\"hidden\" name=\"_wpcf7\" value=\"980\" \/><input type=\"hidden\" name=\"_wpcf7_version\" value=\"6.1.5\" \/><input type=\"hidden\" name=\"_wpcf7_locale\" value=\"es_ES\" \/><input type=\"hidden\" name=\"_wpcf7_unit_tag\" value=\"wpcf7-f980-o1\" \/><input type=\"hidden\" name=\"_wpcf7_container_post\" value=\"0\" \/><input type=\"hidden\" name=\"_wpcf7_posted_data_hash\" value=\"\" \/>\n<\/fieldset>\n<div class=\"two_columns_50_50 clearfix\">\n\n <div class=\"column1\">\n  <div class=\"column_inner\">\n <span class=\"wpcf7-form-control-wrap\" data-name=\"your-name\"><input size=\"40\" maxlength=\"400\" class=\"wpcf7-form-control wpcf7-text wpcf7-validates-as-required\" aria-required=\"true\" aria-invalid=\"false\" placeholder=\"Nombre\" value=\"\" type=\"text\" name=\"your-name\" \/><\/span>\n  <\/div>\n <\/div>\n\n <div class=\"column2\">\n  <div class=\"column_inner\">\n <span class=\"wpcf7-form-control-wrap\" data-name=\"your-email\"><input size=\"40\" maxlength=\"400\" class=\"wpcf7-form-control wpcf7-text wpcf7-validates-as-required\" aria-required=\"true\" aria-invalid=\"false\" placeholder=\"Correo electr\u00f3nico*\" value=\"\" type=\"text\" name=\"your-email\" \/><\/span>\n  <\/div>\n <\/div>\n\n\n<\/div>\n\n\n<div><span class=\"wpcf7-form-control-wrap\" data-name=\"your-subject\"><input size=\"40\" maxlength=\"400\" class=\"wpcf7-form-control wpcf7-text wpcf7-validates-as-required\" aria-required=\"true\" aria-invalid=\"false\" placeholder=\"Tema\" value=\"\" type=\"text\" name=\"your-subject\" \/><\/span><\/div>\n\n\n<div><span class=\"wpcf7-form-control-wrap\" data-name=\"your-message\"><textarea cols=\"40\" rows=\"10\" maxlength=\"2000\" class=\"wpcf7-form-control wpcf7-textarea wpcf7-validates-as-required\" aria-required=\"true\" aria-invalid=\"false\" placeholder=\"Mensaje\" name=\"your-message\"><\/textarea><\/span><\/div>\n\n<div><input class=\"wpcf7-form-control wpcf7-submit has-spinner\" type=\"submit\" value=\"Enviar\" \/><\/div><div class=\"wpcf7-response-output\" aria-hidden=\"true\"><\/div>\n<\/form>\n<\/div>\n[\/vc_column][vc_column offset=\u00bbvc_col-md-6&#8243;][vc_column_text css=\u00bb\u00bb el_class=\u00bbtitle\u00bb]\u00bfNecesitas m\u00e1s informaci\u00f3n?[\/vc_column_text][vc_empty_space height=\u00bb21px\u00bb][vc_column_text css=\u00bb\u00bb]<\/p>\n<p style=\"font-size: 15px; line-height: 26px;\">Puedes ponerte en contacto con nosotros por tel\u00e9fono durante el horario de apertura, por correo electr\u00f3nico o a trav\u00e9s de este formulario de contacto.<\/p>\n<p>[\/vc_column_text][vc_empty_space height=\u00bb25px\u00bb]<span class='q_social_icon_holder normal_social' data-color=#000000 data-hover-color=#a7a7a7><a itemprop='url' href='https:\/\/www.instagram.com\/parcrobinson\/' target='_blank'><i class=\"qode_icon_font_awesome fa fa-instagram  simple_social\" style=\"color: #000000;margin: 0px 25px 0px 0px;font-size: 19px;\" ><\/i><\/a><\/span>[\/vc_column][\/vc_row][vc_row css_animation=\u00bb\u00bb row_type=\u00bbrow\u00bb use_row_as_full_screen_section=\u00bbno\u00bb type=\u00bbgrid\u00bb angled_section=\u00bbno\u00bb text_align=\u00bbcenter\u00bb background_image_as_pattern=\u00bbwithout_pattern\u00bb css=\u00bb.vc_custom_1751464945421{padding-top: 90px !important;padding-bottom: 90px !important;}\u00bb z_index=\u00bb\u00bb][vc_column][vc_column_text css=\u00bb.vc_custom_1751371570970{padding-right: 5px !important;}\u00bb el_class=\u00bbpretitle\u00bb]<\/p>\n<p style=\"text-align: center;\">Ubicaci\u00f3n<\/p>\n<p>[\/vc_column_text][vc_empty_space height=\u00bb10px\u00bb][vc_column_text css=\u00bb\u00bb el_class=\u00bbtitle\u00bb]<\/p>\n<h2 style=\"text-align: center;\">Labenne Oc\u00e9an (40)<\/h2>\n<p>[\/vc_column_text][vc_empty_space height=\u00bb30px\u00bb][vc_row_inner row_type=\u00bbrow\u00bb type=\u00bbfull_width\u00bb text_align=\u00bbleft\u00bb css_animation=\u00bb\u00bb][vc_column_inner][vc_column_text css=\u00bb\u00bb]<\/p>\n<p style=\"text-align: center;\"><strong>Situado en las Landas (40), en el coraz\u00f3n de la estaci\u00f3n balnearia de Labenne Oc\u00e9an, el Parque Robinson es el mayor parque de accrobranche de Aquitania.<\/strong><\/p>\n<p>[\/vc_column_text][vc_empty_space height=\u00bb25px\u00bb]<span data-type=\"normal\" data-hover-icon-color=\"#A08E3E\" class=\"qode_icon_shortcode  q_font_awsome_icon fa-4x pull-center \" style=\" \"><i class=\"qode_icon_font_awesome fa fa-map-marker qode_icon_element\" style=\"color: #A08E3E;\" ><\/i><\/span>[vc_empty_space height=\u00bb10px\u00bb][vc_column_text css=\u00bb\u00bb]<\/p>\n<p style=\"text-align: center;\"><strong>Av. de l&#8217;Oc\u00e9an, 40530 Labenne<\/strong><\/p>\n<p>[\/vc_column_text][vc_empty_space height=\u00bb25px\u00bb][vc_column_text css=\u00bb\u00bb]<\/p>\n<p style=\"text-align: center;\">Parc Robinson ofrece juegos y actividades de trepar a los \u00e1rboles para todas las edades.<\/p>\n<p style=\"text-align: center;\">Disfruta de un momento de diversi\u00f3n en uno de nuestros muchos cursos de accrobranche.<\/p>\n<p style=\"text-align: center;\"><strong>Situada a 5 km de Capbreton y a 10 km de Hossegor, a 15 km de Bayona y a 20 km de Biarritz.<\/strong><\/p>\n<p>[\/vc_column_text][vc_empty_space height=\u00bb85px\u00bb][\/vc_column_inner][vc_column_inner width=\u00bb1\/4&#8243;][\/vc_column_inner][vc_column_inner el_class=\u00bbicon-text-link\u00bb width=\u00bb1\/4&#8243;]<span data-type=\"normal\" data-hover-icon-color=\"#000000\" class=\"qode_icon_shortcode  q_font_awsome_icon fa-4x pull-center \" style=\" \"><a  itemprop=\"url\" href=\"https:\/\/maps.app.goo.gl\/CxYxMzpRFYVRy7Zi6\" target=\"_blank\"><i class=\"qode_icon_font_awesome fa fa-map qode_icon_element\" style=\"color: #A08E3E;\" ><\/i><\/a><\/span>[vc_column_text css=\u00bb\u00bb]<\/p>\n<p style=\"text-align: center;\"><a href=\"https:\/\/maps.app.goo.gl\/CxYxMzpRFYVRy7Zi6\" target=\"_blank\" rel=\"noopener\">Itinerario Google<\/a><\/p>\n<p>[\/vc_column_text][\/vc_column_inner][vc_column_inner el_class=\u00bbicon-text-link\u00bb width=\u00bb1\/4&#8243;]<span data-type=\"normal\" data-hover-icon-color=\"#000000\" class=\"qode_icon_shortcode  q_font_awsome_icon fa-4x pull-center \" style=\" \"><a  itemprop=\"url\" href=\"https:\/\/ul.waze.com\/ul?place=ChIJf3AS_ohEUQ0RPHiGxkm47tY&#038;ll=43.59494740%2C-1.45416870&#038;navigate=yes&#038;utm_campaign=default&#038;utm_source=waze_website&#038;utm_medium=lm_share_location\" target=\"_blank\"><i class=\"qode_icon_font_awesome_5 fa5 fab fa-waze qode_icon_element\" style=\"color: #A08E3E;\" ><\/i><\/a><\/span>[vc_column_text css=\u00bb\u00bb]<\/p>\n<p style=\"text-align: center;\"><a href=\"https:\/\/ul.waze.com\/ul?place=ChIJf3AS_ohEUQ0RPHiGxkm47tY&amp;ll=43.59494740%2C-1.45416870&amp;navigate=yes&amp;utm_campaign=default&amp;utm_source=waze_website&amp;utm_medium=lm_share_location\" target=\"_blank\" rel=\"noopener\">ruta waze<\/a><\/p>\n<p>[\/vc_column_text][\/vc_column_inner][vc_column_inner width=\u00bb1\/4&#8243;][\/vc_column_inner][\/vc_row_inner][\/vc_column][\/vc_row]<\/p>\n<\/div>","protected":false},"excerpt":{"rendered":"<p>[vc_row css_animation=\u00bb\u00bb row_type=\u00bbrow\u00bb use_row_as_full_screen_section=\u00bbno\u00bb type=\u00bbgrid\u00bb angled_section=\u00bbno\u00bb text_align=\u00bbleft\u00bb background_image_as_pattern=\u00bbwithout_pattern\u00bb z_index=\u00bb\u00bb css=\u00bb.vc_custom_1751019134517{padding-top: 100px !important;padding-bottom: 95px !important;background-image: url(https:\/\/parc-robinson.fr\/wp-content\/uploads\/2025\/06\/numbers-background-final.png?id=595) !important;background-position: center !important;background-repeat: no-repeat !important;background-size: cover !important;}\u00bb][vc_column width=\u00bb1\/5&#8243;][vc_empty_space height=\u00bb20px\u00bb][vc_column_text css=\u00bb\u00bb el_class=\u00bbwhite\u00bb] Av. de l&#8217;Oc\u00e9an, 40530 Labenne [\/vc_column_text][vc_empty_space height=\u00bb60px\u00bb][\/vc_column][vc_column width=\u00bb1\/5&#8243;][vc_empty_space height=\u00bb20px\u00bb][vc_column_text css=\u00bb\u00bb el_class=\u00bbwhite\u00bb] Itinerario Google [\/vc_column_text][vc_empty_space height=\u00bb60px\u00bb][\/vc_column][vc_column width=\u00bb1\/5&#8243;][vc_empty_space height=\u00bb20px\u00bb][vc_column_text css=\u00bb\u00bb el_class=\u00bbwhite\u00bb]&#8230;<\/p>\n","protected":false},"author":1,"featured_media":0,"parent":0,"menu_order":0,"comment_status":"closed","ping_status":"closed","template":"full_width.php","meta":{"_seopress_robots_primary_cat":"","_seopress_titles_title":"Contacto - Parc accrobranche Labenne Oc\u00e9an Landes","_seopress_titles_desc":"","_seopress_robots_index":"","footnotes":""},"class_list":["post-880","page","type-page","status-publish","hentry"],"_links":{"self":[{"href":"https:\/\/parc-robinson.fr\/es\/wp-json\/wp\/v2\/pages\/880","targetHints":{"allow":["GET"]}}],"collection":[{"href":"https:\/\/parc-robinson.fr\/es\/wp-json\/wp\/v2\/pages"}],"about":[{"href":"https:\/\/parc-robinson.fr\/es\/wp-json\/wp\/v2\/types\/page"}],"author":[{"embeddable":true,"href":"https:\/\/parc-robinson.fr\/es\/wp-json\/wp\/v2\/users\/1"}],"replies":[{"embeddable":true,"href":"https:\/\/parc-robinson.fr\/es\/wp-json\/wp\/v2\/comments?post=880"}],"version-history":[{"count":3,"href":"https:\/\/parc-robinson.fr\/es\/wp-json\/wp\/v2\/pages\/880\/revisions"}],"predecessor-version":[{"id":993,"href":"https:\/\/parc-robinson.fr\/es\/wp-json\/wp\/v2\/pages\/880\/revisions\/993"}],"wp:attachment":[{"href":"https:\/\/parc-robinson.fr\/es\/wp-json\/wp\/v2\/media?parent=880"}],"curies":[{"name":"wp","href":"https:\/\/api.w.org\/{rel}","templated":true}]}}