{"id":916,"date":"2025-06-10T15:43:18","date_gmt":"2025-06-10T13:43:18","guid":{"rendered":"https:\/\/parc-robinson.fr\/lanzamiento-de-hachas\/"},"modified":"2025-08-07T17:23:29","modified_gmt":"2025-08-07T15:23:29","slug":"lanzamiento-de-hachas","status":"publish","type":"page","link":"https:\/\/parc-robinson.fr\/es\/lanzamiento-de-hachas\/","title":{"rendered":"Lanzamiento de hachas"},"content":{"rendered":"<div class=\"wpb-content-wrapper\"><p>[vc_row css_animation=\u00bb\u00bb row_type=\u00bbrow\u00bb use_row_as_full_screen_section=\u00bbno\u00bb type=\u00bbgrid\u00bb angled_section=\u00bbno\u00bb text_align=\u00bbcenter\u00bb background_image_as_pattern=\u00bbwithout_pattern\u00bb z_index=\u00bb\u00bb css=\u00bb.vc_custom_1751019188797{padding-top: 86px !important;padding-bottom: 90px !important;background-image: url(https:\/\/parc-robinson.fr\/wp-content\/uploads\/2025\/06\/numbers-background-final.png?id=595) !important;background-position: center !important;background-repeat: no-repeat !important;background-size: cover !important;}\u00bb el_class=\u00bbbanner-info\u00bb][vc_column width=\u00bb1\/4&#8243; offset=\u00bbvc_col-md-3&#8243;][\/vc_column][vc_column width=\u00bb1\/4&#8243; offset=\u00bbvc_col-md-3&#8243;]<div class=\"q_counter_holder  center\" style=\"\" data-digit=\"5\"><span class=\"counter  zero\" style=\"color: #FFFFFF;font-size: 100px;font-weight: 700;\">5<\/span><p class=\"counter_text\" style=\"font-size: 15px;font-weight: 500;text-transform: uppercase;color: #FFFFFF;\">Pistas de tiro<\/p><\/div>[vc_empty_space height=\u00bb60px\u00bb][\/vc_column][vc_column width=\u00bb1\/4&#8243; offset=\u00bbvc_col-md-3&#8243;]<div class=\"q_counter_holder  center\" style=\"\" data-digit=\"4\"><span class=\"counter  zero\" style=\"color: #FFFFFF;font-size: 100px;font-weight: 700;\">4<\/span><p class=\"counter_text\" style=\"font-size: 15px;font-weight: 500;text-transform: uppercase;color: #FFFFFF;\">Diferentes formatos de armas<\/p><\/div>[vc_empty_space height=\u00bb60px\u00bb][\/vc_column][vc_column width=\u00bb1\/4&#8243;][\/vc_column][\/vc_row][vc_row css_animation=\u00bb\u00bb row_type=\u00bbrow\u00bb use_row_as_full_screen_section=\u00bbno\u00bb type=\u00bbfull_width\u00bb angled_section=\u00bbno\u00bb text_align=\u00bbcenter\u00bb background_image_as_pattern=\u00bbwithout_pattern\u00bb z_index=\u00bb\u00bb el_class=\u00bbimg-text-full\u00bb css=\u00bb.vc_custom_1751465465717{margin-top: 105px !important;}\u00bb][vc_column el_class=\u00bbvertical-center\u00bb offset=\u00bbvc_col-lg-6 vc_col-md-6&#8243;][vc_column_text css=\u00bb.vc_custom_1751459415746{padding-right: 5px !important;}\u00bb el_class=\u00bbpretitle\u00bb]<\/p>\n<p style=\"text-align: center;\">Sensaciones y retos<\/p>\n<p>[\/vc_column_text][vc_empty_space height=\u00bb10px\u00bb][vc_column_text css=\u00bb\u00bb el_class=\u00bbtitle\u00bb]<\/p>\n<h2 style=\"text-align: center;\">Apunte bien, lance fuerte<\/h2>\n<p>[\/vc_column_text][vc_empty_space height=\u00bb30px\u00bb][vc_column_text css=\u00bb\u00bb]<\/p>\n<p style=\"text-align: left;\">\u00bfTe apetece poner a prueba tu punter\u00eda en un <strong>ambiente agradable y seguro<\/strong>? \u00a1Ven a descubrir nuestro espacio dedicado exclusivamente al <strong>lanzamiento de hachas<\/strong>! <\/p>\n<p style=\"text-align: left;\">Con <strong>5 amplias pistas<\/strong> de tiro y <strong>4 tipos de armas diferentes<\/strong>, desde el cl\u00e1sico hacha hasta el shuriken, la experiencia es tan variada como emocionante. Tanto si eres un principiante curioso como un aficionado experimentado, aqu\u00ed encontrar\u00e1s tu reto. <\/p>\n<p style=\"text-align: left;\">Nuestros instructores le dar\u00e1n la bienvenida al comienzo de la sesi\u00f3n para ofrecerle una <strong>breve introducci\u00f3n<\/strong> a las t\u00e9cnicas de lanzamiento y las normas de seguridad. La actividad se practica con total tranquilidad, en un <strong>entorno supervisado<\/strong>. <\/p>\n<p style=\"text-align: left;\">Ya sea con amigos, en familia (a partir de 14 a\u00f1os) o para un evento especial (despedida de soltero, cumplea\u00f1os, team building&#8230;), el lanzamiento de hachas promete un <strong>momento original e inolvidable<\/strong>.<\/p>\n<p style=\"text-align: left;\">Espacio de descanso a su disposici\u00f3n: <strong>bebidas fr\u00edas<\/strong>, <strong>helados<\/strong> y <strong>zona con sombra<\/strong> para prolongar el placer despu\u00e9s del esfuerzo.<\/p>\n<p style=\"text-align: left;\">\u00a1Una <strong>actividad ins\u00f3lita<\/strong> que no te puedes perder en <strong>tu aventura<\/strong>!<\/p>\n<p>[\/vc_column_text][\/vc_column][vc_column el_class=\u00bbimg-no-border\u00bb offset=\u00bbvc_col-lg-6 vc_col-md-6&#8243;][vc_single_image image=\u00bb700&#8243; img_size=\u00bblarge\u00bb alignment=\u00bbcenter\u00bb css=\u00bb\u00bb qode_css_animation=\u00bb\u00bb][\/vc_column][\/vc_row][vc_row css_animation=\u00bb\u00bb row_type=\u00bbrow\u00bb use_row_as_full_screen_section=\u00bbno\u00bb type=\u00bbgrid\u00bb angled_section=\u00bbno\u00bb text_align=\u00bbcenter\u00bb background_image_as_pattern=\u00bbwithout_pattern\u00bb css=\u00bb.vc_custom_1751464945421{padding-top: 90px !important;padding-bottom: 90px !important;}\u00bb z_index=\u00bb\u00bb][vc_column][vc_column_text css=\u00bb.vc_custom_1751371570970{padding-right: 5px !important;}\u00bb el_class=\u00bbpretitle\u00bb]<\/p>\n<p style=\"text-align: center;\">Ubicaci\u00f3n<\/p>\n<p>[\/vc_column_text][vc_empty_space height=\u00bb10px\u00bb][vc_column_text css=\u00bb\u00bb el_class=\u00bbtitle\u00bb]<\/p>\n<h2 style=\"text-align: center;\">Labenne Oc\u00e9an (40)<\/h2>\n<p>[\/vc_column_text][vc_empty_space height=\u00bb30px\u00bb][vc_row_inner row_type=\u00bbrow\u00bb type=\u00bbfull_width\u00bb text_align=\u00bbleft\u00bb css_animation=\u00bb\u00bb][vc_column_inner][vc_column_text css=\u00bb\u00bb]<\/p>\n<p style=\"text-align: center;\"><strong>Situado en las Landas (40), en el coraz\u00f3n de la estaci\u00f3n balnearia de Labenne Oc\u00e9an, el Parque Robinson es el mayor parque de accrobranche de Aquitania.<\/strong><\/p>\n<p>[\/vc_column_text][vc_empty_space height=\u00bb25px\u00bb]<span data-type=\"normal\" data-hover-icon-color=\"#A08E3E\" class=\"qode_icon_shortcode  q_font_awsome_icon fa-4x pull-center \" style=\" \"><i class=\"qode_icon_font_awesome fa fa-map-marker qode_icon_element\" style=\"color: #A08E3E;\" ><\/i><\/span>[vc_empty_space height=\u00bb10px\u00bb][vc_column_text css=\u00bb\u00bb]<\/p>\n<p style=\"text-align: center;\"><strong>Av. de l&#8217;Oc\u00e9an, 40530 Labenne<\/strong><\/p>\n<p>[\/vc_column_text][vc_empty_space height=\u00bb25px\u00bb][vc_column_text css=\u00bb\u00bb]<\/p>\n<p style=\"text-align: center;\">Parc Robinson ofrece juegos y actividades de trepar a los \u00e1rboles para todas las edades.<\/p>\n<p style=\"text-align: center;\">Disfruta de un momento de diversi\u00f3n en uno de nuestros muchos cursos de accrobranche.<\/p>\n<p style=\"text-align: center;\"><strong>Situada a 5 km de Capbreton y a 10 km de Hossegor, a 15 km de Bayona y a 20 km de Biarritz.<\/strong><\/p>\n<p>[\/vc_column_text][vc_empty_space height=\u00bb85px\u00bb][\/vc_column_inner][vc_column_inner width=\u00bb1\/4&#8243;][\/vc_column_inner][vc_column_inner el_class=\u00bbicon-text-link\u00bb width=\u00bb1\/4&#8243;]<span data-type=\"normal\" data-hover-icon-color=\"#000000\" class=\"qode_icon_shortcode  q_font_awsome_icon fa-4x pull-center \" style=\" \"><a  itemprop=\"url\" href=\"https:\/\/maps.app.goo.gl\/CxYxMzpRFYVRy7Zi6\" target=\"_blank\"><i class=\"qode_icon_font_awesome fa fa-map qode_icon_element\" style=\"color: #A08E3E;\" ><\/i><\/a><\/span>[vc_column_text css=\u00bb\u00bb]<\/p>\n<p style=\"text-align: center;\"><a href=\"https:\/\/maps.app.goo.gl\/CxYxMzpRFYVRy7Zi6\" target=\"_blank\" rel=\"noopener\">Itinerario Google<\/a><\/p>\n<p>[\/vc_column_text][\/vc_column_inner][vc_column_inner el_class=\u00bbicon-text-link\u00bb width=\u00bb1\/4&#8243;]<span data-type=\"normal\" data-hover-icon-color=\"#000000\" class=\"qode_icon_shortcode  q_font_awsome_icon fa-4x pull-center \" style=\" \"><a  itemprop=\"url\" href=\"https:\/\/ul.waze.com\/ul?place=ChIJf3AS_ohEUQ0RPHiGxkm47tY&#038;ll=43.59494740%2C-1.45416870&#038;navigate=yes&#038;utm_campaign=default&#038;utm_source=waze_website&#038;utm_medium=lm_share_location\" target=\"_blank\"><i class=\"qode_icon_font_awesome_5 fa5 fab fa-waze qode_icon_element\" style=\"color: #A08E3E;\" ><\/i><\/a><\/span>[vc_column_text css=\u00bb\u00bb]<\/p>\n<p style=\"text-align: center;\"><a href=\"https:\/\/ul.waze.com\/ul?place=ChIJf3AS_ohEUQ0RPHiGxkm47tY&amp;ll=43.59494740%2C-1.45416870&amp;navigate=yes&amp;utm_campaign=default&amp;utm_source=waze_website&amp;utm_medium=lm_share_location\" target=\"_blank\" rel=\"noopener\">ruta waze<\/a><\/p>\n<p>[\/vc_column_text][\/vc_column_inner][vc_column_inner width=\u00bb1\/4&#8243;][\/vc_column_inner][\/vc_row_inner][\/vc_column][\/vc_row]<\/p>\n<\/div>","protected":false},"excerpt":{"rendered":"<p>[vc_row css_animation=\u00bb\u00bb row_type=\u00bbrow\u00bb use_row_as_full_screen_section=\u00bbno\u00bb type=\u00bbgrid\u00bb angled_section=\u00bbno\u00bb text_align=\u00bbcenter\u00bb background_image_as_pattern=\u00bbwithout_pattern\u00bb z_index=\u00bb\u00bb css=\u00bb.vc_custom_1751019188797{padding-top: 86px !important;padding-bottom: 90px !important;background-image: url(https:\/\/parc-robinson.fr\/wp-content\/uploads\/2025\/06\/numbers-background-final.png?id=595) !important;background-position: center !important;background-repeat: no-repeat !important;background-size: cover !important;}\u00bb el_class=\u00bbbanner-info\u00bb][vc_column width=\u00bb1\/4&#8243; offset=\u00bbvc_col-md-3&#8243;][\/vc_column][vc_column width=\u00bb1\/4&#8243; offset=\u00bbvc_col-md-3&#8243;][vc_empty_space height=\u00bb60px\u00bb][\/vc_column][vc_column width=\u00bb1\/4&#8243; offset=\u00bbvc_col-md-3&#8243;][vc_empty_space height=\u00bb60px\u00bb][\/vc_column][vc_column width=\u00bb1\/4&#8243;][\/vc_column][\/vc_row][vc_row css_animation=\u00bb\u00bb row_type=\u00bbrow\u00bb use_row_as_full_screen_section=\u00bbno\u00bb type=\u00bbfull_width\u00bb angled_section=\u00bbno\u00bb text_align=\u00bbcenter\u00bb background_image_as_pattern=\u00bbwithout_pattern\u00bb z_index=\u00bb\u00bb el_class=\u00bbimg-text-full\u00bb css=\u00bb.vc_custom_1751465465717{margin-top: 105px !important;}\u00bb][vc_column el_class=\u00bbvertical-center\u00bb&#8230;<\/p>\n","protected":false},"author":1,"featured_media":0,"parent":0,"menu_order":0,"comment_status":"closed","ping_status":"closed","template":"full_width.php","meta":{"_seopress_robots_primary_cat":"","_seopress_titles_title":"Lanzamiento de hachas - Labenne Oc\u00e9an Landes","_seopress_titles_desc":"","_seopress_robots_index":"","footnotes":""},"class_list":["post-916","page","type-page","status-publish","hentry"],"_links":{"self":[{"href":"https:\/\/parc-robinson.fr\/es\/wp-json\/wp\/v2\/pages\/916","targetHints":{"allow":["GET"]}}],"collection":[{"href":"https:\/\/parc-robinson.fr\/es\/wp-json\/wp\/v2\/pages"}],"about":[{"href":"https:\/\/parc-robinson.fr\/es\/wp-json\/wp\/v2\/types\/page"}],"author":[{"embeddable":true,"href":"https:\/\/parc-robinson.fr\/es\/wp-json\/wp\/v2\/users\/1"}],"replies":[{"embeddable":true,"href":"https:\/\/parc-robinson.fr\/es\/wp-json\/wp\/v2\/comments?post=916"}],"version-history":[{"count":2,"href":"https:\/\/parc-robinson.fr\/es\/wp-json\/wp\/v2\/pages\/916\/revisions"}],"predecessor-version":[{"id":918,"href":"https:\/\/parc-robinson.fr\/es\/wp-json\/wp\/v2\/pages\/916\/revisions\/918"}],"wp:attachment":[{"href":"https:\/\/parc-robinson.fr\/es\/wp-json\/wp\/v2\/media?parent=916"}],"curies":[{"name":"wp","href":"https:\/\/api.w.org\/{rel}","templated":true}]}}