{"id":919,"date":"2025-07-01T13:51:58","date_gmt":"2025-07-01T11:51:58","guid":{"rendered":"https:\/\/parc-robinson.fr\/aviso-legal\/"},"modified":"2025-08-08T10:49:03","modified_gmt":"2025-08-08T08:49:03","slug":"aviso-legal","status":"publish","type":"page","link":"https:\/\/parc-robinson.fr\/es\/aviso-legal\/","title":{"rendered":"Aviso legal"},"content":{"rendered":"<div class=\"wpb-content-wrapper\"><p>[vc_row css_animation=\u00bb\u00bb row_type=\u00bbrow\u00bb use_row_as_full_screen_section=\u00bbno\u00bb type=\u00bbfull_width\u00bb angled_section=\u00bbno\u00bb text_align=\u00bbleft\u00bb background_image_as_pattern=\u00bbwithout_pattern\u00bb css=\u00bb.vc_custom_1751546312203{padding-top: 90px !important;padding-bottom: 90px !important;}\u00bb z_index=\u00bb\u00bb][vc_column][vc_column_text css=\u00bb\u00bb]<\/p>\r\n<h2 class=\"wp-block-heading\"><\/h2>\r\n<h2 class=\"wp-block-heading\" data-fontsize=\"30\" data-lineheight=\"39\"><b>1. Presentaci\u00f3n del sitio web<\/b><\/h2>\r\n<p>De conformidad con la ley n.\u00ba 2004-2005, de 21 de junio de 2004, relativa a la confianza en la econom\u00eda digital, el sitio web www.parc-robinson.fr pone a disposici\u00f3n del p\u00fablico la informaci\u00f3n relativa a su empresa.<\/p>\r\n<p>Dado que pueden modificarse, le invitamos a consultar los avisos legales con la mayor frecuencia posible, a fin de estar al corriente de ellos.<\/p>\r\n<p>El sitio web www.parc-robinson.fr es propiedad de SARL LANDES AVENTURES, con sede social en la siguiente direcci\u00f3n: ROUTE DEPARTEMENTALE 126 40530 LABENNE, FRANCIA, y con n\u00famero de identificaci\u00f3n fiscal 44053572200019.<\/p>\r\n<p>LANDES AVENTURES es responsable de la publicaci\u00f3n y administraci\u00f3n del sitio web. La direcci\u00f3n de correo electr\u00f3nico es la siguiente:\u00a0<a href=\"mailto:contact@parc-robinson.fr\" target=\"_blank\" rel=\"noopener\">contact@parc-robinson.fr<\/a><\/p>\r\n<p>El sitio web www.parc-robinson.fr est\u00e1 alojado por SAS SERIOUSWEB, cuya sede social se encuentra en la siguiente direcci\u00f3n: 876 avenue des r\u00e9mouleurs 40150 Hossegor <a href=\"https:\/\/www.seriousweb.fr\" target=\"_blank\" rel=\"noopener\">seriousweb.fr<\/a><\/p>\r\n<p>&nbsp;<\/p>\r\n<h2 data-fontsize=\"30\" data-lineheight=\"39\"><b>2. Condiciones generales de uso del sitio web y de los servicios ofrecidos.<\/b><\/h2>\r\n<p>Al utilizar el sitio web www.parc-robinson.fr, usted acepta plena y totalmente las condiciones generales de uso especificadas en nuestro aviso legal. Aunque es accesible a todo tipo de visitantes, es importante se\u00f1alar que LANDES AVENTURES puede decidir interrumpir el servicio del sitio web por motivos de mantenimiento.<\/p>\r\n<p>&nbsp;<\/p>\r\n<h2 data-fontsize=\"30\" data-lineheight=\"39\"><b>3. Los servicios ofrecidos por www.parc-robinson.fr<\/b><\/h2>\r\n<p>De acuerdo con su pol\u00edtica de comunicaci\u00f3n, el sitio web www.parc-robinson.fr tiene como objetivo informar a los usuarios sobre los servicios ofrecidos por LANDES AVANTURES, que se esfuerza por proporcionar informaci\u00f3n precisa sobre su actividad. Sin embargo, pueden existir inexactitudes u omisiones: la empresa no se hace responsable en ning\u00fan caso de los errores que pueda contener el sitio web www.parc-robinson.fr.<\/p>\r\n<p>&nbsp;<\/p>\r\n<h2 data-fontsize=\"30\" data-lineheight=\"39\"><b>4. Limitaciones contractuales<\/b><\/h2>\r\n<p>La informaci\u00f3n que aparece en nuestro sitio web www.parc-robinson.fr es objeto de controles de calidad para garantizar su fiabilidad. No obstante, no nos hacemos responsables de posibles inexactitudes t\u00e9cnicas en nuestras explicaciones.<\/p>\r\n<p>Si detecta alg\u00fan error relacionado con informaci\u00f3n que hayamos podido omitir, no dude en comunic\u00e1rnoslo por correo electr\u00f3nico a Contacto del responsable de la publicaci\u00f3n.<\/p>\r\n<p>&nbsp;<\/p>\r\n<h2 data-fontsize=\"30\" data-lineheight=\"39\"><b>5. Propiedad intelectual y contenido del sitio web<\/b><\/h2>\r\n<p>El contenido editorial del sitio web www.parc-robinson.fr es propiedad exclusiva de LANDES AVENTURES. Al navegar por el sitio web www.parc-robinson.fr, el usuario tambi\u00e9n acepta la posible instalaci\u00f3n de cookies en su ordenador.<\/p>\r\n<p>&nbsp;<\/p>\r\n<h2 data-fontsize=\"30\" data-lineheight=\"39\"><b>6. Datos personales, respeto de su privacidad y sus libertades<\/b><\/h2>\r\n<p>Este sitio web no ha sido objeto de una declaraci\u00f3n ante la CNIL (Comisi\u00f3n Nacional de Inform\u00e1tica y Libertades) en aplicaci\u00f3n de la exenci\u00f3n n.\u00ba 7: Deliberaci\u00f3n n.\u00ba 2006-138, de 9 de mayo de 2006, por la que se decide la exenci\u00f3n de la declaraci\u00f3n de los tratamientos realizados con fines de informaci\u00f3n o comunicaci\u00f3n externa. No obstante, cumple los requisitos de la ley de protecci\u00f3n de datos en materia de datos personales.<\/p>\r\n<p>Por lo tanto, la informaci\u00f3n recopilada en este sitio web est\u00e1 destinada exclusivamente a LANDES AVENTURES. La informaci\u00f3n incluye, por ejemplo, datos personales como su direcci\u00f3n IP, que es el n\u00famero de identificaci\u00f3n asignado a un ordenador conectado a una red de Internet. Este registro lo realiza la ICANN (Internet Corporation for Assigned Names and Numbers). Para conocer su direcci\u00f3n IP, le invitamos a visitar el sitio web <a href=\"https:\/\/trouver-ip.info\/\">trouver-ip.info<\/a>, que le permite encontrar su IP de forma gratuita y r\u00e1pida.<\/p>\r\n<p>Usted tiene derecho a acceder, modificar, rectificar y eliminar los datos que le conciernen (ley \u00abInform\u00e1tica y Libertades\u00bb del 6 de enero de 1978).<\/p>\r\n<p>Para cualquier consulta, dir\u00edjase a LANDES AVENTURES. Estos datos son los que usted habr\u00e1 registrado voluntariamente al solicitar contacto. No se ceder\u00e1 a terceros ninguna informaci\u00f3n personal sobre usted ni se utilizar\u00e1 para fines no previstos.<\/p>\r\n<p>&nbsp;<\/p>\r\n<h2 data-fontsize=\"30\" data-lineheight=\"39\"><b>7. Derecho aplicable y leyes pertinentes<\/b><\/h2>\r\n<p>Sujeto a la legislaci\u00f3n francesa, el sitio web www.parc-robinson.fr se rige por la ley n.\u00ba 2004-2005, de 21 de junio de 2004, relativa a la confianza en la econom\u00eda digital, el art\u00edculo L.335-2 del C\u00f3digo de la Propiedad Intelectual y la ley \u00abinform\u00e1tica y libertades\u00bb del 6 de enero de 1978, modificada en 2004.<\/p>\r\n<p>&nbsp;<\/p>\r\n<h2 class=\"wp-block-heading\">\u00a0<\/h2>\r\n<p>[\/vc_column_text][\/vc_column][\/vc_row][vc_row css_animation=\u00bb\u00bb row_type=\u00bbrow\u00bb use_row_as_full_screen_section=\u00bbno\u00bb type=\u00bbfull_width\u00bb angled_section=\u00bbno\u00bb text_align=\u00bbleft\u00bb background_image_as_pattern=\u00bbwithout_pattern\u00bb][vc_column][vc_column_text]<\/p>\r\n<p>[\/vc_column_text][\/vc_column][\/vc_row]<\/p><\/div>","protected":false},"excerpt":{"rendered":"<p>[vc_row css_animation=\u00bb\u00bb row_type=\u00bbrow\u00bb use_row_as_full_screen_section=\u00bbno\u00bb type=\u00bbfull_width\u00bb angled_section=\u00bbno\u00bb text_align=\u00bbleft\u00bb background_image_as_pattern=\u00bbwithout_pattern\u00bb css=\u00bb.vc_custom_1751546312203{padding-top: 90px !important;padding-bottom: 90px !important;}\u00bb z_index=\u00bb\u00bb][vc_column][vc_column_text css=\u00bb\u00bb] 1. Presentaci\u00f3n del sitio web De conformidad con la ley n.\u00ba 2004-2005, de 21 de junio de 2004, relativa a la confianza en la econom\u00eda digital, el sitio web www.parc-robinson.fr&#8230;<\/p>\n","protected":false},"author":1,"featured_media":0,"parent":0,"menu_order":0,"comment_status":"closed","ping_status":"open","template":"","meta":{"_seopress_robots_primary_cat":"","_seopress_titles_title":"Mentions l\u00e9gales - Parc accrobranche Labenne Oc\u00e9an Landes","_seopress_titles_desc":"","_seopress_robots_index":"","footnotes":""},"class_list":["post-919","page","type-page","status-publish","hentry"],"_links":{"self":[{"href":"https:\/\/parc-robinson.fr\/es\/wp-json\/wp\/v2\/pages\/919","targetHints":{"allow":["GET"]}}],"collection":[{"href":"https:\/\/parc-robinson.fr\/es\/wp-json\/wp\/v2\/pages"}],"about":[{"href":"https:\/\/parc-robinson.fr\/es\/wp-json\/wp\/v2\/types\/page"}],"author":[{"embeddable":true,"href":"https:\/\/parc-robinson.fr\/es\/wp-json\/wp\/v2\/users\/1"}],"replies":[{"embeddable":true,"href":"https:\/\/parc-robinson.fr\/es\/wp-json\/wp\/v2\/comments?post=919"}],"version-history":[{"count":3,"href":"https:\/\/parc-robinson.fr\/es\/wp-json\/wp\/v2\/pages\/919\/revisions"}],"predecessor-version":[{"id":952,"href":"https:\/\/parc-robinson.fr\/es\/wp-json\/wp\/v2\/pages\/919\/revisions\/952"}],"wp:attachment":[{"href":"https:\/\/parc-robinson.fr\/es\/wp-json\/wp\/v2\/media?parent=919"}],"curies":[{"name":"wp","href":"https:\/\/api.w.org\/{rel}","templated":true}]}}