{"id":921,"date":"2025-06-10T15:42:49","date_gmt":"2025-06-10T13:42:49","guid":{"rendered":"https:\/\/parc-robinson.fr\/mini-curso\/"},"modified":"2025-08-07T17:26:45","modified_gmt":"2025-08-07T15:26:45","slug":"mini-curso","status":"publish","type":"page","link":"https:\/\/parc-robinson.fr\/es\/mini-curso\/","title":{"rendered":"Mini curso"},"content":{"rendered":"<div class=\"wpb-content-wrapper\"><p>[vc_row css_animation=\u00bb\u00bb row_type=\u00bbrow\u00bb use_row_as_full_screen_section=\u00bbno\u00bb type=\u00bbgrid\u00bb angled_section=\u00bbno\u00bb text_align=\u00bbleft\u00bb background_image_as_pattern=\u00bbwithout_pattern\u00bb z_index=\u00bb\u00bb css=\u00bb.vc_custom_1751019212949{padding-top: 100px !important;padding-bottom: 95px !important;background-image: url(https:\/\/parc-robinson.fr\/wp-content\/uploads\/2025\/06\/numbers-background-final.png?id=595) !important;background-position: center !important;background-repeat: no-repeat !important;background-size: cover !important;}\u00bb el_class=\u00bbbanner-info\u00bb][vc_column width=\u00bb1\/4&#8243;]<div class='q_icon_with_title medium normal_icon center '><div class=\"icon_holder \" style=\" \"><span data-icon-type=\"normal\" class=\"qode_iwt_icon_holder q_font_awsome_icon fa-3x  \"><i class=\"qode_icon_font_awesome fa fa-child qode_iwt_icon_element\" style=\"color: #FFFFFF\"><\/i><\/span><\/div><div class=\"icon_text_holder\" style=\"\"><div class=\"icon_text_inner\" style=\"\"><h5 class=\"icon_title\" style=\"color: #ffffff;\">De 3 a 5 a\u00f1os<\/h5><p style='color: #a2a2a2'><\/p><\/div><\/div><\/div>[vc_empty_space height=\u00bb35px\u00bb][\/vc_column][vc_column width=\u00bb1\/4&#8243;]<div class='q_icon_with_title medium normal_icon center '><div class=\"icon_holder \" style=\" \"><span data-icon-type=\"normal\" class=\"qode_iwt_icon_holder q_font_awsome_icon fa-3x  \"><i class=\"qode_icon_font_awesome fa fa-flag qode_iwt_icon_element\" style=\"color: #FFFFFF\"><\/i><\/span><\/div><div class=\"icon_text_holder\" style=\"\"><div class=\"icon_text_inner\" style=\"\"><h5 class=\"icon_title\" style=\"color: #ffffff;\">1 minicircuito de 2 pistas<\/h5><p style='color: #a2a2a2'><\/p><\/div><\/div><\/div>[vc_empty_space height=\u00bb30px\u00bb][\/vc_column][vc_column width=\u00bb1\/4&#8243;]<div class='q_icon_with_title medium normal_icon center '><div class=\"icon_holder \" style=\" \"><span data-icon-type=\"normal\" class=\"qode_iwt_icon_holder q_font_awsome_icon fa-3x  \"><i class=\"qode_icon_font_awesome fa fa-smile-o qode_iwt_icon_element\" style=\"color: #FFFFFF\"><\/i><\/span><\/div><div class=\"icon_text_holder\" style=\"\"><div class=\"icon_text_inner\" style=\"\"><h5 class=\"icon_title\" style=\"color: #ffffff;\">2 trampolines<\/h5><p style='color: #a2a2a2'><\/p><\/div><\/div><\/div>[vc_empty_space height=\u00bb30px\u00bb][\/vc_column][vc_column width=\u00bb1\/4&#8243;]<div class='q_icon_with_title medium normal_icon center '><div class=\"icon_holder \" style=\" \"><span data-icon-type=\"normal\" class=\"qode_iwt_icon_holder q_font_awsome_icon fa-3x  \"><i class=\"qode_icon_font_awesome_5 fa5 fa fa-bottle-water qode_iwt_icon_element\" style=\"color: #FFFFFF\"><\/i><\/span><\/div><div class=\"icon_text_holder\" style=\"\"><div class=\"icon_text_inner\" style=\"\"><h5 class=\"icon_title\" style=\"color: #ffffff;\">1 bebida gratis (Capri-Sun o botella de agua)<\/h5><p style='color: #FFFFFF'><\/p><\/div><\/div><\/div>[vc_empty_space height=\u00bb30px\u00bb][\/vc_column][\/vc_row][vc_row css_animation=\u00bb\u00bb row_type=\u00bbrow\u00bb use_row_as_full_screen_section=\u00bbno\u00bb type=\u00bbfull_width\u00bb angled_section=\u00bbno\u00bb text_align=\u00bbcenter\u00bb background_image_as_pattern=\u00bbwithout_pattern\u00bb css=\u00bb.vc_custom_1751465535590{padding-top: 105px !important;}\u00bb z_index=\u00bb\u00bb][vc_column][vc_column_text css=\u00bb.vc_custom_1750408818576{border-radius: 1px !important;border-color: #AA9434 !important;}\u00bb el_class=\u00bbmedium-text-bloc\u00bb]Para que pueda disfrutar de un agradable momento en familia, el Parque Robinson ha creado un minicircuito compuesto por dos pistas para que los ni\u00f1os menores de 6 a\u00f1os tambi\u00e9n puedan divertirse.[\/vc_column_text][\/vc_column][\/vc_row][vc_row css_animation=\u00bb\u00bb row_type=\u00bbrow\u00bb use_row_as_full_screen_section=\u00bbno\u00bb type=\u00bbfull_width\u00bb angled_section=\u00bbno\u00bb text_align=\u00bbcenter\u00bb background_image_as_pattern=\u00bbwithout_pattern\u00bb z_index=\u00bb\u00bb el_class=\u00bbimg-text-full mobile-flex-reverse\u00bb css=\u00bb.vc_custom_1751465541677{padding-top: 90px !important;}\u00bb][vc_column el_class=\u00bbvertical-center\u00bb offset=\u00bbvc_col-lg-6 vc_col-md-6&#8243;][vc_column_text css=\u00bb.vc_custom_1751036369807{padding-right: 5px !important;}\u00bb el_class=\u00bbpretitle\u00bb]<\/p>\n<p class=\"h4\" style=\"text-align: center;\">Para los m\u00e1s peque\u00f1os<\/p>\n<p>[\/vc_column_text][vc_empty_space height=\u00bb10px\u00bb][vc_column_text css=\u00bb\u00bb el_class=\u00bbtitle\u00bb]<\/p>\n<h2 style=\"text-align: center;\">Un mini recorrido<\/h2>\n<p>[\/vc_column_text][vc_empty_space height=\u00bb30px\u00bb][vc_column_text css=\u00bb.vc_custom_1751458378379{padding-right: 5px !important;}\u00bb]<\/p>\n<p style=\"text-align: left;\"><strong>De 3 a 5 a\u00f1os, el miniparcours ser\u00e1 la ocasi\u00f3n perfecta para que sus hijos se inicien en las alegr\u00edas de la escalada en \u00e1rboles con un arn\u00e9s y un casco de verdad, como los mayores, para disfrutar de un momento cerca de la naturaleza.<\/strong><\/p>\n<p>[\/vc_column_text][vc_column_text css=\u00bb\u00bb]<\/p>\n<p style=\"text-align: left;\">Para evitar cualquier lesi\u00f3n o susto, el miniparcours se encuentra a aproximadamente <strong>1 m del suelo<\/strong> y las <strong>dos pistas<\/strong> est\u00e1n equipadas con una <strong>l\u00ednea de vida continua<\/strong> que hace que sea f\u00edsicamente <strong>imposible que los ni\u00f1os se suelten<\/strong> durante el recorrido.<\/p>\n<p style=\"text-align: left;\">Nuestros monitores tambi\u00e9n est\u00e1n presentes para animarlos y ayudarlos a progresar.<\/p>\n<p>[\/vc_column_text][vc_empty_space height=\u00bb30px\u00bb][vc_column_text css=\u00bb\u00bb]<\/p>\n<p style=\"text-align: left;\"><strong>Precio: 14,00 euros<\/strong><\/p>\n<p style=\"text-align: left;\">Acceso libre e ilimitado a los minipistas y a las 2 camas el\u00e1sticas con una bebida gratis (Capri-Sun o botella de agua).<\/p>\n<p>[\/vc_column_text][\/vc_column][vc_column el_class=\u00bbimg-no-border\u00bb offset=\u00bbvc_col-lg-6 vc_col-md-6&#8243;][vc_single_image image=\u00bb684&#8243; img_size=\u00bblarge\u00bb alignment=\u00bbcenter\u00bb css=\u00bb\u00bb qode_css_animation=\u00bb\u00bb][\/vc_column][\/vc_row][vc_row css_animation=\u00bb\u00bb row_type=\u00bbrow\u00bb use_row_as_full_screen_section=\u00bbno\u00bb type=\u00bbgrid\u00bb angled_section=\u00bbno\u00bb text_align=\u00bbcenter\u00bb background_image_as_pattern=\u00bbwithout_pattern\u00bb css=\u00bb.vc_custom_1751464945421{padding-top: 90px !important;padding-bottom: 90px !important;}\u00bb z_index=\u00bb\u00bb][vc_column][vc_column_text css=\u00bb.vc_custom_1751371570970{padding-right: 5px !important;}\u00bb el_class=\u00bbpretitle\u00bb]<\/p>\n<p style=\"text-align: center;\">Ubicaci\u00f3n<\/p>\n<p>[\/vc_column_text][vc_empty_space height=\u00bb10px\u00bb][vc_column_text css=\u00bb\u00bb el_class=\u00bbtitle\u00bb]<\/p>\n<h2 style=\"text-align: center;\">Labenne Oc\u00e9an (40)<\/h2>\n<p>[\/vc_column_text][vc_empty_space height=\u00bb30px\u00bb][vc_row_inner row_type=\u00bbrow\u00bb type=\u00bbfull_width\u00bb text_align=\u00bbleft\u00bb css_animation=\u00bb\u00bb][vc_column_inner][vc_column_text css=\u00bb\u00bb]<\/p>\n<p style=\"text-align: center;\"><strong>Situado en las Landas (40), en el coraz\u00f3n de la estaci\u00f3n balnearia de Labenne Oc\u00e9an, el Parque Robinson es el mayor parque de accrobranche de Aquitania.<\/strong><\/p>\n<p>[\/vc_column_text][vc_empty_space height=\u00bb25px\u00bb]<span data-type=\"normal\" data-hover-icon-color=\"#A08E3E\" class=\"qode_icon_shortcode  q_font_awsome_icon fa-4x pull-center \" style=\" \"><i class=\"qode_icon_font_awesome fa fa-map-marker qode_icon_element\" style=\"color: #A08E3E;\" ><\/i><\/span>[vc_empty_space height=\u00bb10px\u00bb][vc_column_text css=\u00bb\u00bb]<\/p>\n<p style=\"text-align: center;\"><strong>Av. de l&#8217;Oc\u00e9an, 40530 Labenne<\/strong><\/p>\n<p>[\/vc_column_text][vc_empty_space height=\u00bb25px\u00bb][vc_column_text css=\u00bb\u00bb]<\/p>\n<p style=\"text-align: center;\">Parc Robinson ofrece juegos y actividades de trepar a los \u00e1rboles para todas las edades.<\/p>\n<p style=\"text-align: center;\">Disfruta de un momento de diversi\u00f3n en uno de nuestros muchos cursos de accrobranche.<\/p>\n<p style=\"text-align: center;\"><strong>Situada a 5 km de Capbreton y a 10 km de Hossegor, a 15 km de Bayona y a 20 km de Biarritz.<\/strong><\/p>\n<p>[\/vc_column_text][vc_empty_space height=\u00bb85px\u00bb][\/vc_column_inner][vc_column_inner width=\u00bb1\/4&#8243;][\/vc_column_inner][vc_column_inner el_class=\u00bbicon-text-link\u00bb width=\u00bb1\/4&#8243;]<span data-type=\"normal\" data-hover-icon-color=\"#000000\" class=\"qode_icon_shortcode  q_font_awsome_icon fa-4x pull-center \" style=\" \"><a  itemprop=\"url\" href=\"https:\/\/maps.app.goo.gl\/CxYxMzpRFYVRy7Zi6\" target=\"_blank\"><i class=\"qode_icon_font_awesome fa fa-map qode_icon_element\" style=\"color: #A08E3E;\" ><\/i><\/a><\/span>[vc_column_text css=\u00bb\u00bb]<\/p>\n<p style=\"text-align: center;\"><a href=\"https:\/\/maps.app.goo.gl\/CxYxMzpRFYVRy7Zi6\" target=\"_blank\" rel=\"noopener\">Itinerario Google<\/a><\/p>\n<p>[\/vc_column_text][\/vc_column_inner][vc_column_inner el_class=\u00bbicon-text-link\u00bb width=\u00bb1\/4&#8243;]<span data-type=\"normal\" data-hover-icon-color=\"#000000\" class=\"qode_icon_shortcode  q_font_awsome_icon fa-4x pull-center \" style=\" \"><a  itemprop=\"url\" href=\"https:\/\/ul.waze.com\/ul?place=ChIJf3AS_ohEUQ0RPHiGxkm47tY&#038;ll=43.59494740%2C-1.45416870&#038;navigate=yes&#038;utm_campaign=default&#038;utm_source=waze_website&#038;utm_medium=lm_share_location\" target=\"_blank\"><i class=\"qode_icon_font_awesome_5 fa5 fab fa-waze qode_icon_element\" style=\"color: #A08E3E;\" ><\/i><\/a><\/span>[vc_column_text css=\u00bb\u00bb]<\/p>\n<p style=\"text-align: center;\"><a href=\"https:\/\/ul.waze.com\/ul?place=ChIJf3AS_ohEUQ0RPHiGxkm47tY&amp;ll=43.59494740%2C-1.45416870&amp;navigate=yes&amp;utm_campaign=default&amp;utm_source=waze_website&amp;utm_medium=lm_share_location\" target=\"_blank\" rel=\"noopener\">ruta waze<\/a><\/p>\n<p>[\/vc_column_text][\/vc_column_inner][vc_column_inner width=\u00bb1\/4&#8243;][\/vc_column_inner][\/vc_row_inner][\/vc_column][\/vc_row]<\/p>\n<\/div>","protected":false},"excerpt":{"rendered":"<p>[vc_row css_animation=\u00bb\u00bb row_type=\u00bbrow\u00bb use_row_as_full_screen_section=\u00bbno\u00bb type=\u00bbgrid\u00bb angled_section=\u00bbno\u00bb text_align=\u00bbleft\u00bb background_image_as_pattern=\u00bbwithout_pattern\u00bb z_index=\u00bb\u00bb css=\u00bb.vc_custom_1751019212949{padding-top: 100px !important;padding-bottom: 95px !important;background-image: url(https:\/\/parc-robinson.fr\/wp-content\/uploads\/2025\/06\/numbers-background-final.png?id=595) !important;background-position: center !important;background-repeat: no-repeat !important;background-size: cover !important;}\u00bb el_class=\u00bbbanner-info\u00bb][vc_column width=\u00bb1\/4&#8243;][vc_empty_space height=\u00bb35px\u00bb][\/vc_column][vc_column width=\u00bb1\/4&#8243;][vc_empty_space height=\u00bb30px\u00bb][\/vc_column][vc_column width=\u00bb1\/4&#8243;][vc_empty_space height=\u00bb30px\u00bb][\/vc_column][vc_column width=\u00bb1\/4&#8243;][vc_empty_space height=\u00bb30px\u00bb][\/vc_column][\/vc_row][vc_row css_animation=\u00bb\u00bb row_type=\u00bbrow\u00bb use_row_as_full_screen_section=\u00bbno\u00bb type=\u00bbfull_width\u00bb angled_section=\u00bbno\u00bb text_align=\u00bbcenter\u00bb background_image_as_pattern=\u00bbwithout_pattern\u00bb css=\u00bb.vc_custom_1751465535590{padding-top: 105px !important;}\u00bb z_index=\u00bb\u00bb][vc_column][vc_column_text css=\u00bb.vc_custom_1750408818576{border-radius: 1px !important;border-color:&#8230;<\/p>\n","protected":false},"author":1,"featured_media":0,"parent":0,"menu_order":0,"comment_status":"closed","ping_status":"closed","template":"full_width.php","meta":{"_seopress_robots_primary_cat":"","_seopress_titles_title":"Parque de arboles para ni\u00f1os - Labenne Oc\u00e9an Landes","_seopress_titles_desc":"","_seopress_robots_index":"","footnotes":""},"class_list":["post-921","page","type-page","status-publish","hentry"],"_links":{"self":[{"href":"https:\/\/parc-robinson.fr\/es\/wp-json\/wp\/v2\/pages\/921","targetHints":{"allow":["GET"]}}],"collection":[{"href":"https:\/\/parc-robinson.fr\/es\/wp-json\/wp\/v2\/pages"}],"about":[{"href":"https:\/\/parc-robinson.fr\/es\/wp-json\/wp\/v2\/types\/page"}],"author":[{"embeddable":true,"href":"https:\/\/parc-robinson.fr\/es\/wp-json\/wp\/v2\/users\/1"}],"replies":[{"embeddable":true,"href":"https:\/\/parc-robinson.fr\/es\/wp-json\/wp\/v2\/comments?post=921"}],"version-history":[{"count":2,"href":"https:\/\/parc-robinson.fr\/es\/wp-json\/wp\/v2\/pages\/921\/revisions"}],"predecessor-version":[{"id":923,"href":"https:\/\/parc-robinson.fr\/es\/wp-json\/wp\/v2\/pages\/921\/revisions\/923"}],"wp:attachment":[{"href":"https:\/\/parc-robinson.fr\/es\/wp-json\/wp\/v2\/media?parent=921"}],"curies":[{"name":"wp","href":"https:\/\/api.w.org\/{rel}","templated":true}]}}