{"id":924,"date":"2018-02-13T12:23:51","date_gmt":"2018-02-13T11:23:51","guid":{"rendered":"https:\/\/parc-robinson.fr\/parque-de-escalada-de-arboles\/"},"modified":"2025-08-07T17:31:39","modified_gmt":"2025-08-07T15:31:39","slug":"parque-de-escalada-de-arboles","status":"publish","type":"page","link":"https:\/\/parc-robinson.fr\/es\/parque-de-escalada-de-arboles\/","title":{"rendered":"Parque de escalada de \u00e1rboles"},"content":{"rendered":"<div class=\"wpb-content-wrapper\"><p>[vc_row css_animation=\u00bb\u00bb row_type=\u00bbrow\u00bb use_row_as_full_screen_section=\u00bbno\u00bb type=\u00bbgrid\u00bb angled_section=\u00bbno\u00bb text_align=\u00bbcenter\u00bb background_image_as_pattern=\u00bbwithout_pattern\u00bb z_index=\u00bb\u00bb css=\u00bb.vc_custom_1751019091517{padding-top: 86px !important;padding-bottom: 90px !important;background-image: url(https:\/\/parc-robinson.fr\/wp-content\/uploads\/2025\/06\/numbers-background-final.png?id=595) !important;background-position: center !important;background-repeat: no-repeat !important;background-size: cover !important;}\u00bb el_class=\u00bbbanner-info\u00bb][vc_column width=\u00bb1\/4&#8243;]<div class=\"q_counter_holder  center\" style=\"\" data-digit=\"4\"><span class=\"counter  zero\" style=\"color: #FFFFFF;font-size: 100px;font-weight: 700;\">4<\/span><p class=\"counter_text\" style=\"font-size: 15px;font-weight: 500;text-transform: uppercase;color: #FFFFFF;\">Pistas verdes<\/p><\/div>[vc_column_text css=\u00bb\u00bb el_class=\u00bbwhite count-subtext\u00bb]Apto para todos a partir de 6 a\u00f1os.[\/vc_column_text][vc_empty_space height=\u00bb60px\u00bb][\/vc_column][vc_column width=\u00bb1\/4&#8243;]<div class=\"q_counter_holder  center\" style=\"\" data-digit=\"5\"><span class=\"counter  zero\" style=\"color: #FFFFFF;font-size: 100px;font-weight: 700;\">5<\/span><p class=\"counter_text\" style=\"font-size: 15px;font-weight: 500;text-transform: uppercase;color: #FFFFFF;\">Pistas azules<\/p><\/div>[vc_column_text css=\u00bb\u00bb el_class=\u00bbwhite count-subtext\u00bb]Es un poco m\u00e1s dif\u00edcil.[\/vc_column_text][vc_empty_space height=\u00bb60px\u00bb][\/vc_column][vc_column width=\u00bb1\/4&#8243;]<div class=\"q_counter_holder  center\" style=\"\" data-digit=\"2\"><span class=\"counter  zero\" style=\"color: #FFFFFF;font-size: 100px;font-weight: 700;\">2<\/span><p class=\"counter_text\" style=\"font-size: 15px;font-weight: 500;text-transform: uppercase;color: #FFFFFF;\">Pistas rojas<\/p><\/div>[vc_column_text css=\u00bb\u00bb el_class=\u00bbwhite count-subtext\u00bb]Las cosas serias comienzan a partir de los 14 a\u00f1os.[\/vc_column_text][vc_empty_space height=\u00bb60px\u00bb][\/vc_column][vc_column width=\u00bb1\/4&#8243;]<div class=\"q_counter_holder  center\" style=\"\" data-digit=\"2\"><span class=\"counter  zero\" style=\"color: #FFFFFF;font-size: 100px;font-weight: 700;\">2<\/span><p class=\"counter_text\" style=\"font-size: 15px;font-weight: 500;text-transform: uppercase;color: #FFFFFF;\">Pistas negras<\/p><\/div>[vc_column_text css=\u00bb\u00bb el_class=\u00bbwhite count-subtext\u00bb]Reservadas para los m\u00e1s atrevidos, hasta 12 metros de altura, a partir de 16 a\u00f1os.[\/vc_column_text][vc_empty_space height=\u00bb60px\u00bb][\/vc_column][\/vc_row][vc_row css_animation=\u00bb\u00bb row_type=\u00bbrow\u00bb use_row_as_full_screen_section=\u00bbno\u00bb type=\u00bbfull_width\u00bb angled_section=\u00bbno\u00bb text_align=\u00bbcenter\u00bb background_image_as_pattern=\u00bbwithout_pattern\u00bb z_index=\u00bb\u00bb el_class=\u00bbimg-text-full\u00bb css=\u00bb.vc_custom_1751465612948{margin-top: 105px !important;}\u00bb][vc_column el_class=\u00bbvertical-center\u00bb offset=\u00bbvc_col-lg-6 vc_col-md-6&#8243;][vc_column_text css=\u00bb.vc_custom_1751034777006{padding-right: 5px !important;}\u00bb el_class=\u00bbpretitle\u00bb]<\/p>\n<p style=\"text-align: center;\">Servicios<\/p>\n<p>[\/vc_column_text][vc_empty_space height=\u00bb10px\u00bb][vc_column_text css=\u00bb\u00bb el_class=\u00bbtitle\u00bb]<\/p>\n<h2 style=\"text-align: center;\">La aventura para toda la familia<\/h2>\n<p>[\/vc_column_text][vc_empty_space height=\u00bb30px\u00bb][vc_column_text css=\u00bb\u00bb]<\/p>\n<p style=\"text-align: left;\">Se ofrecen numerosos juegos y recorridos, incluidas <strong>varias tirolinas, una de ellas de 200 metros<\/strong>.<\/p>\n<p style=\"text-align: left;\">Los m\u00e1s peque\u00f1os podr\u00e1n divertirse en los recorridos \u00abverdes\u00bb, mientras que los m\u00e1s atrevidos podr\u00e1n enfrentarse a las dificultades de los recorridos \u00abGrand Frisson\u00bb y \u00abCommando\u00bb.<\/p>\n<p style=\"text-align: left;\">Nuestro parque funciona \u00edntegramente con <strong>un sistema de l\u00ednea de vida continua<\/strong> que evita tener que desengancharse y volver a engancharse en cada taller, por lo que <strong>no hay riesgo de ca\u00edda<\/strong> en caso de manipulaci\u00f3n incorrecta o falta de atenci\u00f3n en el manejo de los mosquetones.<\/p>\n<p style=\"text-align: left;\">Con m\u00e1s de 1<strong>40 juegos y 13 recorridos de arborismo<\/strong>, \u00a1el Parque Robinson es el lugar ideal para toda la familia!<\/p>\n<p style=\"text-align: left;\">El Parque Robinson tambi\u00e9n cuenta con <strong>trampolines<\/strong>, una <strong>zona de picnic<\/strong> a la sombra, <strong>bebidas fr\u00edas<\/strong> y <strong>helados <\/strong>disponibles en la recepci\u00f3n.<\/p>\n<p>[\/vc_column_text][\/vc_column][vc_column el_class=\u00bbimg-no-border\u00bb offset=\u00bbvc_col-lg-6 vc_col-md-6&#8243;][vc_single_image image=\u00bb631&#8243; img_size=\u00bblarge\u00bb alignment=\u00bbcenter\u00bb css=\u00bb\u00bb qode_css_animation=\u00bb\u00bb][\/vc_column][\/vc_row][vc_row css_animation=\u00bb\u00bb row_type=\u00bbrow\u00bb use_row_as_full_screen_section=\u00bbno\u00bb type=\u00bbfull_width\u00bb angled_section=\u00bbno\u00bb text_align=\u00bbcenter\u00bb background_image_as_pattern=\u00bbwithout_pattern\u00bb z_index=\u00bb\u00bb el_class=\u00bbimg-text-full mobile-flex-reverse\u00bb][vc_column el_class=\u00bbimg-no-border\u00bb offset=\u00bbvc_col-lg-6 vc_col-md-6&#8243;][vc_single_image image=\u00bb622&#8243; img_size=\u00bblarge\u00bb alignment=\u00bbcenter\u00bb css=\u00bb\u00bb qode_css_animation=\u00bb\u00bb][\/vc_column][vc_column el_class=\u00bbvertical-center\u00bb offset=\u00bbvc_col-lg-6 vc_col-md-6&#8243;][vc_column_text css=\u00bb.vc_custom_1751034807702{padding-right: 5px !important;}\u00bb el_class=\u00bbpretitle\u00bb]<\/p>\n<p style=\"text-align: center;\">Seguridad<\/p>\n<p>[\/vc_column_text][vc_empty_space height=\u00bb10px\u00bb][vc_column_text css=\u00bb\u00bb el_class=\u00bbtitle\u00bb]<\/p>\n<h2 style=\"text-align: center;\">Los monitores y el personal de supervisi\u00f3n<\/h2>\n<p>[\/vc_column_text][vc_empty_space height=\u00bb30px\u00bb][vc_column_text css=\u00bb\u00bb]<\/p>\n<p style=\"text-align: left;\">En el Parque Robinson, ponemos \u00e9nfasis en su <strong>seguridad<\/strong>.<\/p>\n<p style=\"text-align: left;\">Los monitores, todos ellos<strong> titulares del Certificado de Cualificaci\u00f3n Profesional en Parcours Acrob\u00e1tico en Altura<\/strong>, le equipar\u00e1n y le explicar\u00e1n el funcionamiento al inicio del recorrido.<br \/>\nA lo largo de los circuitos, los <strong>monitores estar\u00e1n presentes<\/strong> para <strong>aconsejarle <\/strong>y <strong>ayudarle <\/strong>cuando lo consideren necesario.<\/p>\n<p style=\"text-align: left;\">Nuestra l\u00ednea de vida continua permite <strong>avanzar con total seguridad<\/strong> por todos nuestros recorridos.<\/p>\n<p style=\"text-align: left;\">El equipo (arn\u00e9s, cuerdas, mosquetones, poleas y cascos) lo proporciona el parque.<br \/>\nPor su parte, recuerde llevar <strong>ropa deportiva<\/strong> que no le importe ensuciar, as\u00ed como <strong>calzado cerrado <\/strong>que se ajuste bien a los pies.<br \/>\nEl acceso a las instalaciones tiene una validez <strong>m\u00e1xima de 4 horas<\/strong>. Calcule una media de entre 2 y 3 horas de actividad, dependiendo del n\u00famero de recorridos que desee realizar.<\/p>\n<p style=\"text-align: left;\">\u00a1Ya est\u00e1 todo listo para una <strong>aut\u00e9ntica aventura entre los \u00e1rboles<\/strong>!<\/p>\n<p style=\"text-align: left;\">\u00a1Vibra, ll\u00e9nate de emociones!<\/p>\n<p>[\/vc_column_text][\/vc_column][\/vc_row][vc_row css_animation=\u00bb\u00bb row_type=\u00bbrow\u00bb use_row_as_full_screen_section=\u00bbno\u00bb type=\u00bbfull_width\u00bb angled_section=\u00bbno\u00bb text_align=\u00bbcenter\u00bb background_image_as_pattern=\u00bbwithout_pattern\u00bb z_index=\u00bb\u00bb el_class=\u00bbimg-text-full\u00bb][vc_column offset=\u00bbvc_col-lg-6 vc_col-md-6&#8243; el_class=\u00bbvertical-center\u00bb][vc_column_text css=\u00bb.vc_custom_1751034794654{padding-right: 5px !important;}\u00bb el_class=\u00bbpretitle\u00bb]<\/p>\n<p style=\"text-align: center;\">Informaci\u00f3n<\/p>\n<p>[\/vc_column_text][vc_empty_space height=\u00bb10px\u00bb][vc_column_text css=\u00bb\u00bb el_class=\u00bbtitle\u00bb]<\/p>\n<p style=\"text-align: center;\">A saber<\/p>\n<p>[\/vc_column_text][vc_empty_space height=\u00bb30px\u00bb][vc_column_text css=\u00bb\u00bb]<\/p>\n<p style=\"text-align: left;\">Los ni\u00f1os menores de 9 a\u00f1os deben ir acompa\u00f1ados obligatoriamente por al menos un adulto en las instalaciones, seg\u00fan las siguientes condiciones:<br \/>\n&#8211; De 6 a 7 a\u00f1os: 1 adulto por cada 5 ni\u00f1os.<br \/>\n&#8211; 8 a\u00f1os: 1 adulto por cada 8 ni\u00f1os.<\/p>\n<p>[\/vc_column_text][\/vc_column][vc_column el_class=\u00bbimg-no-border\u00bb offset=\u00bbvc_col-lg-6 vc_col-md-6&#8243;][vc_single_image image=\u00bb625&#8243; img_size=\u00bblarge\u00bb alignment=\u00bbcenter\u00bb css=\u00bb\u00bb qode_css_animation=\u00bb\u00bb][\/vc_column][\/vc_row][vc_row css_animation=\u00bb\u00bb row_type=\u00bbrow\u00bb use_row_as_full_screen_section=\u00bbno\u00bb type=\u00bbgrid\u00bb angled_section=\u00bbno\u00bb text_align=\u00bbcenter\u00bb background_image_as_pattern=\u00bbwithout_pattern\u00bb css=\u00bb.vc_custom_1751464945421{padding-top: 90px !important;padding-bottom: 90px !important;}\u00bb z_index=\u00bb\u00bb][vc_column][vc_column_text css=\u00bb.vc_custom_1751371570970{padding-right: 5px !important;}\u00bb el_class=\u00bbpretitle\u00bb]<\/p>\n<p style=\"text-align: center;\">Ubicaci\u00f3n<\/p>\n<p>[\/vc_column_text][vc_empty_space height=\u00bb10px\u00bb][vc_column_text css=\u00bb\u00bb el_class=\u00bbtitle\u00bb]<\/p>\n<h2 style=\"text-align: center;\">Labenne Oc\u00e9an (40)<\/h2>\n<p>[\/vc_column_text][vc_empty_space height=\u00bb30px\u00bb][vc_row_inner row_type=\u00bbrow\u00bb type=\u00bbfull_width\u00bb text_align=\u00bbleft\u00bb css_animation=\u00bb\u00bb][vc_column_inner][vc_column_text css=\u00bb\u00bb]<\/p>\n<p style=\"text-align: center;\"><strong>Situado en las Landas (40), en el coraz\u00f3n de la estaci\u00f3n balnearia de Labenne Oc\u00e9an, el Parque Robinson es el mayor parque de accrobranche de Aquitania.<\/strong><\/p>\n<p>[\/vc_column_text][vc_empty_space height=\u00bb25px\u00bb]<span data-type=\"normal\" data-hover-icon-color=\"#A08E3E\" class=\"qode_icon_shortcode  q_font_awsome_icon fa-4x pull-center \" style=\" \"><i class=\"qode_icon_font_awesome fa fa-map-marker qode_icon_element\" style=\"color: #A08E3E;\" ><\/i><\/span>[vc_empty_space height=\u00bb10px\u00bb][vc_column_text css=\u00bb\u00bb]<\/p>\n<p style=\"text-align: center;\"><strong>Av. de l&#8217;Oc\u00e9an, 40530 Labenne<\/strong><\/p>\n<p>[\/vc_column_text][vc_empty_space height=\u00bb25px\u00bb][vc_column_text css=\u00bb\u00bb]<\/p>\n<p style=\"text-align: center;\">Parc Robinson ofrece juegos y actividades de trepar a los \u00e1rboles para todas las edades.<\/p>\n<p style=\"text-align: center;\">Disfruta de un momento de diversi\u00f3n en uno de nuestros muchos cursos de accrobranche.<\/p>\n<p style=\"text-align: center;\"><strong>Situada a 5 km de Capbreton y a 10 km de Hossegor, a 15 km de Bayona y a 20 km de Biarritz.<\/strong><\/p>\n<p>[\/vc_column_text][vc_empty_space height=\u00bb85px\u00bb][\/vc_column_inner][vc_column_inner width=\u00bb1\/4&#8243;][\/vc_column_inner][vc_column_inner el_class=\u00bbicon-text-link\u00bb width=\u00bb1\/4&#8243;]<span data-type=\"normal\" data-hover-icon-color=\"#000000\" class=\"qode_icon_shortcode  q_font_awsome_icon fa-4x pull-center \" style=\" \"><a  itemprop=\"url\" href=\"https:\/\/maps.app.goo.gl\/CxYxMzpRFYVRy7Zi6\" target=\"_blank\"><i class=\"qode_icon_font_awesome fa fa-map qode_icon_element\" style=\"color: #A08E3E;\" ><\/i><\/a><\/span>[vc_column_text css=\u00bb\u00bb]<\/p>\n<p style=\"text-align: center;\"><a href=\"https:\/\/maps.app.goo.gl\/CxYxMzpRFYVRy7Zi6\" target=\"_blank\" rel=\"noopener\">Itinerario Google<\/a><\/p>\n<p>[\/vc_column_text][\/vc_column_inner][vc_column_inner el_class=\u00bbicon-text-link\u00bb width=\u00bb1\/4&#8243;]<span data-type=\"normal\" data-hover-icon-color=\"#000000\" class=\"qode_icon_shortcode  q_font_awsome_icon fa-4x pull-center \" style=\" \"><a  itemprop=\"url\" href=\"https:\/\/ul.waze.com\/ul?place=ChIJf3AS_ohEUQ0RPHiGxkm47tY&#038;ll=43.59494740%2C-1.45416870&#038;navigate=yes&#038;utm_campaign=default&#038;utm_source=waze_website&#038;utm_medium=lm_share_location\" target=\"_blank\"><i class=\"qode_icon_font_awesome_5 fa5 fab fa-waze qode_icon_element\" style=\"color: #A08E3E;\" ><\/i><\/a><\/span>[vc_column_text css=\u00bb\u00bb]<\/p>\n<p style=\"text-align: center;\"><a href=\"https:\/\/ul.waze.com\/ul?place=ChIJf3AS_ohEUQ0RPHiGxkm47tY&amp;ll=43.59494740%2C-1.45416870&amp;navigate=yes&amp;utm_campaign=default&amp;utm_source=waze_website&amp;utm_medium=lm_share_location\" target=\"_blank\" rel=\"noopener\">ruta waze<\/a><\/p>\n<p>[\/vc_column_text][\/vc_column_inner][vc_column_inner width=\u00bb1\/4&#8243;][\/vc_column_inner][\/vc_row_inner][\/vc_column][\/vc_row]<\/p>\n<\/div>","protected":false},"excerpt":{"rendered":"<p>[vc_row css_animation=\u00bb\u00bb row_type=\u00bbrow\u00bb use_row_as_full_screen_section=\u00bbno\u00bb type=\u00bbgrid\u00bb angled_section=\u00bbno\u00bb text_align=\u00bbcenter\u00bb background_image_as_pattern=\u00bbwithout_pattern\u00bb z_index=\u00bb\u00bb css=\u00bb.vc_custom_1751019091517{padding-top: 86px !important;padding-bottom: 90px !important;background-image: url(https:\/\/parc-robinson.fr\/wp-content\/uploads\/2025\/06\/numbers-background-final.png?id=595) !important;background-position: center !important;background-repeat: no-repeat !important;background-size: cover !important;}\u00bb el_class=\u00bbbanner-info\u00bb][vc_column width=\u00bb1\/4&#8243;][vc_column_text css=\u00bb\u00bb el_class=\u00bbwhite count-subtext\u00bb]Apto para todos a partir de 6 a\u00f1os.[\/vc_column_text][vc_empty_space height=\u00bb60px\u00bb][\/vc_column][vc_column width=\u00bb1\/4&#8243;][vc_column_text css=\u00bb\u00bb el_class=\u00bbwhite count-subtext\u00bb]Es un poco m\u00e1s dif\u00edcil.[\/vc_column_text][vc_empty_space height=\u00bb60px\u00bb][\/vc_column][vc_column width=\u00bb1\/4&#8243;][vc_column_text&#8230;<\/p>\n","protected":false},"author":1,"featured_media":0,"parent":0,"menu_order":0,"comment_status":"closed","ping_status":"closed","template":"full_width.php","meta":{"_seopress_robots_primary_cat":"","_seopress_titles_title":"Parque de arboles - Labenne Oc\u00e9an Landes","_seopress_titles_desc":"","_seopress_robots_index":"","footnotes":""},"class_list":["post-924","page","type-page","status-publish","hentry"],"_links":{"self":[{"href":"https:\/\/parc-robinson.fr\/es\/wp-json\/wp\/v2\/pages\/924","targetHints":{"allow":["GET"]}}],"collection":[{"href":"https:\/\/parc-robinson.fr\/es\/wp-json\/wp\/v2\/pages"}],"about":[{"href":"https:\/\/parc-robinson.fr\/es\/wp-json\/wp\/v2\/types\/page"}],"author":[{"embeddable":true,"href":"https:\/\/parc-robinson.fr\/es\/wp-json\/wp\/v2\/users\/1"}],"replies":[{"embeddable":true,"href":"https:\/\/parc-robinson.fr\/es\/wp-json\/wp\/v2\/comments?post=924"}],"version-history":[{"count":2,"href":"https:\/\/parc-robinson.fr\/es\/wp-json\/wp\/v2\/pages\/924\/revisions"}],"predecessor-version":[{"id":926,"href":"https:\/\/parc-robinson.fr\/es\/wp-json\/wp\/v2\/pages\/924\/revisions\/926"}],"wp:attachment":[{"href":"https:\/\/parc-robinson.fr\/es\/wp-json\/wp\/v2\/media?parent=924"}],"curies":[{"name":"wp","href":"https:\/\/api.w.org\/{rel}","templated":true}]}}