{"id":927,"date":"2025-06-10T14:36:29","date_gmt":"2025-06-10T12:36:29","guid":{"rendered":"https:\/\/parc-robinson.fr\/politica-de-privacidad\/"},"modified":"2025-08-07T17:39:30","modified_gmt":"2025-08-07T15:39:30","slug":"politica-de-privacidad","status":"publish","type":"page","link":"https:\/\/parc-robinson.fr\/es\/politica-de-privacidad\/","title":{"rendered":"Pol\u00edtica de privacidad"},"content":{"rendered":"<h2>Definiciones<\/h2>\n<p><!-- \/wp:post-content --><strong>El editor: <\/strong>La persona f\u00edsica o jur\u00eddica que edita los servicios de comunicaci\u00f3n al p\u00fablico en l\u00ednea.<\/p>\n<p><strong>El Sitio: <\/strong>El conjunto de sitios, p\u00e1ginas web y servicios en l\u00ednea ofrecidos por el Editor.<\/p>\n<p><strong>El Usuario: <\/strong>La persona que utiliza el Sitio y los servicios.<\/p>\n<h2 class=\"wp-block-heading\"><!-- \/wp:paragraph --><\/h2>\n<p><!-- wp:heading --><\/p>\n<h2>Naturaleza de los datos recopilados<\/h2>\n<h2 class=\"wp-block-heading\"><!-- \/wp:heading --><\/h2>\n<p><!-- wp:paragraph --><strong>En el marco del uso de los Sitios, el Editor puede recopilar las siguientes categor\u00edas<br \/>de datos sobre sus Usuarios: <\/strong><\/p>\n<p>Datos de estado civil, identidad, identificaci\u00f3n&#8230;<br \/>Datos relativos a la vida profesional (CV, estudios, formaci\u00f3n profesional,<br \/>distinciones&#8230;)<br \/>Datos de conexi\u00f3n (direcciones IP, registros de eventos&#8230;)<\/p>\n<h2 class=\"wp-block-heading\"><!-- wp:heading --><\/h2>\n<h2>Comunicaci\u00f3n de datos personales a<br \/>terceros<\/h2>\n<h2 class=\"wp-block-heading\"><!-- \/wp:heading --><\/h2>\n<p><!-- wp:paragraph --><strong>No se comunicar\u00e1 a terceros. <\/strong><\/p>\n<p>Sus datos no se comunicar\u00e1n a terceros. No obstante, le informamos de que podr\u00e1n ser divulgados en aplicaci\u00f3n de una ley, un reglamento o en virtud de una decisi\u00f3n de una autoridad reguladora o judicial competente. <\/p>\n<h2 class=\"wp-block-heading\"><!-- \/wp:paragraph --><\/h2>\n<p><!-- wp:heading --><\/p>\n<h2>Informaci\u00f3n previa para la comunicaci\u00f3n de<br \/>datos personales a terceros en caso de fusi\u00f3n\/<br \/>absorci\u00f3n<\/h2>\n<h2 class=\"wp-block-heading\"><!-- \/wp:heading --><\/h2>\n<p><!-- wp:paragraph --><strong>Informaci\u00f3n previa y posibilidad de exclusi\u00f3n voluntaria antes y despu\u00e9s de la fusi\u00f3n\/adquisici\u00f3n <\/strong><\/p>\n<p>En caso de que participemos en una operaci\u00f3n de fusi\u00f3n, adquisici\u00f3n o cualquier otra forma de cesi\u00f3n de activos, nos comprometemos a garantizar la confidencialidad de sus datos personales y a informarle antes de que estos sean transferidos o sometidos a nuevas normas de confidencialidad.<\/p>\n<h2 class=\"wp-block-heading\"><!-- wp:heading --><\/h2>\n<h2>Agregaci\u00f3n de datos<\/h2>\n<h2 class=\"wp-block-heading\"><!-- \/wp:heading --><\/h2>\n<p><!-- wp:paragraph --><strong>Agregaci\u00f3n con datos no personales <\/strong><\/p>\n<p>Podemos publicar, divulgar y utilizar informaci\u00f3n agregada (informaci\u00f3n relativa a todos nuestros Usuarios o a grupos o categor\u00edas espec\u00edficos de Usuarios que combinamos de manera que un Usuario individual ya no pueda ser identificado o mencionado) e informaci\u00f3n no personal con fines de an\u00e1lisis del sector y del mercado, elaboraci\u00f3n de perfiles demogr\u00e1ficos, fines promocionales y publicitarios y otros fines comerciales.<\/p>\n<p><!-- wp:paragraph --><strong>Agregaci\u00f3n con datos personales disponibles en las cuentas sociales del<br \/>Usuario<\/strong><\/p>\n<p>Si conecta su cuenta a una cuenta de otro servicio para realizar env\u00edos cruzados, dicho servicio podr\u00e1 comunicarnos su informaci\u00f3n de perfil, de conexi\u00f3n, as\u00ed como cualquier otra informaci\u00f3n cuya divulgaci\u00f3n haya autorizado. Podemos agregar la informaci\u00f3n relativa a todos nuestros dem\u00e1s Usuarios, grupos, cuentas y datos personales disponibles sobre el Usuario. <\/p>\n<h2 class=\"wp-block-heading\"><!-- wp:heading --><\/h2>\n<h2>Recopilaci\u00f3n de datos de identidad<\/h2>\n<h2 class=\"wp-block-heading\"><!-- \/wp:heading --><\/h2>\n<p><!-- wp:paragraph --><strong>Consulta libre <\/strong><\/p>\n<p>Para consultar el Sitio web no es necesario registrarse ni identificarse previamente. Se puede acceder al mismo sin necesidad de facilitar datos personales (nombre, apellidos, direcci\u00f3n, etc.). No registramos ning\u00fan dato personal por el simple hecho de consultar el Sitio web.  <\/p>\n<h2 class=\"wp-block-heading\"><!-- \/wp:paragraph --><\/h2>\n<p><!-- wp:heading --><\/p>\n<h2>Recopilaci\u00f3n de datos de identificaci\u00f3n<\/h2>\n<h2 class=\"wp-block-heading\"><!-- \/wp:heading --><\/h2>\n<p><!-- wp:paragraph --><strong>Uso del identificador del usuario para propuestas de contacto y ofertas<br \/>comerciales<\/strong><\/p>\n<p>Utilizamos sus identificadores electr\u00f3nicos para buscar relaciones presentes por conexi\u00f3n, direcci\u00f3n de correo electr\u00f3nico o servicios. Podemos utilizar su informaci\u00f3n de contacto para permitir que otras personas encuentren su cuenta, en particular a trav\u00e9s de servicios de terceros y aplicaciones de clientes. Puede descargar su libreta de direcciones para que podamos ayudarle a encontrar conocidos en nuestra red o para permitir que otros usuarios de nuestra red le encuentren. Podemos ofrecerle sugerencias a usted y a otros usuarios de la red a partir de los contactos importados de su libreta de direcciones. Es posible que colaboremos con empresas que ofrecen incentivos. Para gestionar este tipo de promociones e incentivos, es posible que compartamos su identificador electr\u00f3nico.     <\/p>\n<h2 class=\"wp-block-heading\"><!-- wp:heading --><\/h2>\n<h2>Recopilaci\u00f3n de datos del terminal<\/h2>\n<h2 class=\"wp-block-heading\"><!-- \/wp:heading --><\/h2>\n<p><!-- wp:paragraph --><strong>Recopilaci\u00f3n de datos de perfil y datos t\u00e9cnicos con fines de prestaci\u00f3n<br \/>del servicio.<\/strong><\/p>\n<p>Algunos de los datos t\u00e9cnicos de su dispositivo son recopilados autom\u00e1ticamente por el Sitio. Esta informaci\u00f3n incluye, en particular, su direcci\u00f3n IP, proveedor de acceso a Internet, configuraci\u00f3n de hardware, configuraci\u00f3n de software, tipo e idioma del navegador&#8230; La recopilaci\u00f3n de estos datos es necesaria para la prestaci\u00f3n de los servicios. <\/p>\n<p><!-- wp:paragraph --><strong>Recopilaci\u00f3n de datos t\u00e9cnicos con fines publicitarios, comerciales y<br \/>estad\u00edsticos.<\/strong><\/p>\n<p>Los datos t\u00e9cnicos de su dispositivo son recopilados y registrados autom\u00e1ticamente por el Sitio con fines publicitarios, comerciales y estad\u00edsticos. Esta informaci\u00f3n nos ayuda a personalizar y mejorar continuamente su experiencia en nuestro Sitio. No recopilamos ni conservamos ning\u00fan dato nominativo (nombre, apellidos, direcci\u00f3n, etc.) que pueda estar vinculado a datos t\u00e9cnicos. Los datos recopilados pueden ser revendidos a terceros.   <\/p>\n<h2 class=\"wp-block-heading\"><!-- wp:heading --><\/h2>\n<h2>Cookies<\/h2>\n<h2 class=\"wp-block-heading\"><!-- \/wp:heading --><\/h2>\n<p><!-- wp:paragraph --><strong>Duraci\u00f3n de las cookies<\/strong><\/p>\n<p>De conformidad con las recomendaciones de la CNIL, el plazo m\u00e1ximo de conservaci\u00f3n de las cookies es de 13 meses como m\u00e1ximo tras su primer almacenamiento en el terminal del Usuario, al igual que el plazo de validez del consentimiento del Usuario para el uso de dichas cookies.<br \/>La vida \u00fatil de las cookies no se prolonga con cada visita. Por lo tanto, el consentimiento del usuario deber\u00e1 renovarse al t\u00e9rmino de este plazo. <\/p>\n<p><!-- wp:paragraph --><strong>Finalidad de las cookies<\/strong><\/p>\n<p>Las cookies pueden utilizarse con fines estad\u00edsticos, en particular para optimizar los servicios prestados al usuario, a partir del tratamiento de la informaci\u00f3n relativa a la frecuencia de acceso, la personalizaci\u00f3n de las p\u00e1ginas, as\u00ed como las operaciones realizadas y la informaci\u00f3n consultada.<br \/>Se le informa de que el Editor puede instalar cookies en su dispositivo. La cookie registra informaci\u00f3n relativa a la navegaci\u00f3n por el servicio (las p\u00e1ginas que ha consultado, la fecha y la hora de la consulta, etc.) que podremos leer en sus visitas posteriores. <\/p>\n<p><!-- wp:paragraph --><strong>Derecho del usuario a rechazar las cookies<\/strong><\/p>\n<p>Usted reconoce haber sido informado de que el Editor puede utilizar cookies. Si no desea que se utilicen cookies en su dispositivo, la mayor\u00eda de los navegadores le permiten desactivarlas a trav\u00e9s de las opciones de configuraci\u00f3n. <\/p>\n<h2 class=\"wp-block-heading\"><!-- wp:heading --><\/h2>\n<h2>Conservaci\u00f3n de los datos t\u00e9cnicos<\/h2>\n<h2 class=\"wp-block-heading\"><!-- \/wp:heading --><\/h2>\n<p><!-- wp:paragraph --><strong>Periodo de conservaci\u00f3n de los datos t\u00e9cnicos<\/strong><\/p>\n<p>Los datos t\u00e9cnicos se conservan durante el tiempo estrictamente necesario para alcanzar los fines anteriormente mencionados.<\/p>\n<h2 class=\"wp-block-heading\"><!-- wp:heading --><\/h2>\n<h2>Plazo de conservaci\u00f3n de los datos personales y de anonimizaci\u00f3n<\/h2>\n<h2 class=\"wp-block-heading\"><!-- \/wp:heading --><\/h2>\n<p><!-- wp:paragraph --><strong>Conservaci\u00f3n de los datos durante la vigencia de la relaci\u00f3n contractual<\/strong><\/p>\n<p>De conformidad con el art\u00edculo 6-5\u00b0 de la ley n.\u00ba 78-17, de 6 de enero de 1978, relativa a la inform\u00e1tica, los ficheros y las libertades, los datos de car\u00e1cter personal objeto de tratamiento no se conservar\u00e1n m\u00e1s all\u00e1 del tiempo necesario para el cumplimiento de las obligaciones definidas en el momento de la celebraci\u00f3n del contrato o de la duraci\u00f3n predefinida de la relaci\u00f3n contractual.<\/p>\n<p><!-- wp:paragraph --><strong>Conservaci\u00f3n de datos anonimizados m\u00e1s all\u00e1 de la relaci\u00f3n contractual \/ tras la<br \/>eliminaci\u00f3n de la cuenta<\/strong><\/p>\n<p>Conservamos los datos personales durante el tiempo estrictamente necesario para cumplir con los fines descritos en las presentes Pol\u00edticas de confidencialidad. Transcurrido ese plazo, se anonimizar\u00e1n y se conservar\u00e1n con fines exclusivamente estad\u00edsticos, sin que se les d\u00e9 ning\u00fan otro uso de ning\u00fan tipo. <\/p>\n<p><!-- wp:paragraph --><strong>Eliminaci\u00f3n de datos tras la eliminaci\u00f3n de la cuenta<\/strong><\/p>\n<p>Se han establecido medios para purgar los datos con el fin de garantizar su eliminaci\u00f3n efectiva una vez que se haya alcanzado el plazo de conservaci\u00f3n o archivo necesario para el cumplimiento de los fines determinados o impuestos. De conformidad con la ley n.\u00ba 78-17, de 6 de enero de 1978, relativa a la inform\u00e1tica, los ficheros y las libertades, usted dispone adem\u00e1s de un derecho de supresi\u00f3n de sus datos que puede ejercer en cualquier momento poni\u00e9ndose en contacto con el Editor. <\/p>\n<h2 class=\"wp-block-heading\"><!-- wp:heading --><\/h2>\n<h2>Indicaciones en caso de fallo de seguridad detectado por el Editor<\/h2>\n<h2 class=\"wp-block-heading\"><!-- \/wp:heading --><\/h2>\n<p><!-- wp:paragraph --><strong>Informaci\u00f3n al usuario en caso de fallo de seguridad<\/strong><\/p>\n<p>Nos comprometemos a implementar todas las medidas t\u00e9cnicas y organizativas adecuadas para garantizar un nivel de seguridad adecuado frente a los riesgos de acceso accidental, no autorizado o ilegal, divulgaci\u00f3n, alteraci\u00f3n, p\u00e9rdida o destrucci\u00f3n de sus datos personales. En caso de que tengamos conocimiento de un acceso ilegal a los datos personales que le conciernen almacenados en nuestros servidores o en los de nuestros proveedores, o de un acceso no autorizado que tenga como consecuencia la materializaci\u00f3n de los riesgos identificados anteriormente, nos comprometemos a:<br \/>Notificarle el incidente lo antes posible;<br \/>Examinar las causas del incidente e informarle al respecto;<br \/>Tomar las medidas necesarias, dentro de lo razonable, para mitigar los efectos negativos y los perjuicios que puedan derivarse de dicho incidente. <\/p>\n<p><!-- wp:paragraph --><strong>Limitaci\u00f3n de responsabilidad<\/strong><\/p>\n<p>En ning\u00fan caso los compromisos definidos en el punto anterior relativos a la notificaci\u00f3n en caso de fallo<br \/>de seguridad pueden asimilarse a ning\u00fan reconocimiento de culpa o responsabilidad<br \/>en cuanto a la ocurrencia del incidente en cuesti\u00f3n.<\/p>\n<h2 class=\"wp-block-heading\"><!-- wp:heading --><\/h2>\n<h2>Transferencia de datos personales al extranjero<\/h2>\n<h2 class=\"wp-block-heading\"><!-- \/wp:heading --><\/h2>\n<p><!-- wp:paragraph --><strong>No se realizan transferencias fuera de la Uni\u00f3n Europea.<\/strong><\/p>\n<p>El Editor se compromete a no transferir los datos personales de sus Usuarios fuera de la Uni\u00f3n Europea.<\/p>\n<h2 class=\"wp-block-heading\"><!-- wp:heading --><\/h2>\n<h2>Modificaci\u00f3n de la pol\u00edtica de privacidad<\/h2>\n<h2 class=\"wp-block-heading\"><!-- \/wp:heading --><\/h2>\n<p><!-- wp:paragraph --><strong>En caso de modificaci\u00f3n de la presente Pol\u00edtica de Confidencialidad, compromiso de no reducir sustancialmente el nivel de confidencialidad sin informar previamente a las personas afectadas.<\/strong><\/p>\n<p>Nos comprometemos a informarle en caso de modificaciones sustanciales de la presente Pol\u00edtica de Confidencialidad y a no reducir el nivel de confidencialidad de sus datos de manera sustancial sin informarle y obtener su consentimiento.<\/p>\n<h2 class=\"wp-block-heading\"><!-- wp:heading --><\/h2>\n<h2>Legislaci\u00f3n aplicable y modalidades de recurso<\/h2>\n<p><!-- \/wp:heading -->Aplicaci\u00f3n de la legislaci\u00f3n francesa (legislaci\u00f3n CNIL) y competencia de los tribunales La presente Pol\u00edtica de confidencialidad y el uso que usted haga del Sitio se rigen e interpretan de conformidad con las leyes de Francia, y en particular con la Ley n.\u00ba 78-17, de 6 de enero de 1978, relativa a la inform\u00e1tica, los ficheros y las libertades. La elecci\u00f3n de la ley aplicable no afecta a sus derechos como consumidor de conformidad con la ley aplicable en su lugar de residencia. Si usted es un consumidor, tanto usted como nosotros aceptamos someternos a la jurisdicci\u00f3n no exclusiva de los tribunales franceses, lo que significa que puede emprender acciones legales en relaci\u00f3n con la presente Pol\u00edtica de Privacidad en Francia o en el pa\u00eds de la UE en el que resida. Si usted es un profesional, todas las acciones legales contra nosotros deber\u00e1n emprenderse ante un tribunal en Francia.<br \/>En caso de litigio, las partes buscar\u00e1n una soluci\u00f3n amistosa antes de emprender cualquier acci\u00f3n judicial. En caso de que estos intentos fracasen, todas las disputas sobre la validez, interpretaci\u00f3n y\/o ejecuci\u00f3n de la Pol\u00edtica de Privacidad deber\u00e1n presentarse ante los tribunales franceses, incluso en caso de pluralidad de demandados o de garant\u00eda.    <\/p>\n<h2 class=\"wp-block-heading\"><!-- wp:heading --><\/h2>\n<h2>Portabilidad de datos<\/h2>\n<h2 class=\"wp-block-heading\"><!-- \/wp:heading --><\/h2>\n<p><!-- wp:paragraph --><strong>Portabilidad de datos<\/strong><\/p>\n<p>El Editor se compromete a ofrecerle la posibilidad de recuperar todos los datos que le conciernen mediante una simple solicitud. De este modo, se garantiza al Usuario un mejor control de sus datos y se le ofrece la posibilidad de reutilizarlos. Estos datos deber\u00e1n proporcionarse en un formato abierto y f\u00e1cilmente reutilizable.  <\/p>\n<p>&nbsp;<\/p>\n","protected":false},"excerpt":{"rendered":"<p>Definiciones El editor: La persona f\u00edsica o jur\u00eddica que edita los servicios de comunicaci\u00f3n al p\u00fablico en l\u00ednea. El Sitio: El conjunto de sitios, p\u00e1ginas web y servicios en l\u00ednea ofrecidos por el Editor. El Usuario: La persona que utiliza el Sitio y los servicios&#8230;.<\/p>\n","protected":false},"author":1,"featured_media":0,"parent":0,"menu_order":0,"comment_status":"closed","ping_status":"open","template":"","meta":{"_seopress_robots_primary_cat":"","_seopress_titles_title":"Pol\u00edtica de privacidad - Parque de arboles Labenne Oc\u00e9an Landes","_seopress_titles_desc":"","_seopress_robots_index":"","footnotes":""},"class_list":["post-927","page","type-page","status-publish","hentry"],"_links":{"self":[{"href":"https:\/\/parc-robinson.fr\/es\/wp-json\/wp\/v2\/pages\/927","targetHints":{"allow":["GET"]}}],"collection":[{"href":"https:\/\/parc-robinson.fr\/es\/wp-json\/wp\/v2\/pages"}],"about":[{"href":"https:\/\/parc-robinson.fr\/es\/wp-json\/wp\/v2\/types\/page"}],"author":[{"embeddable":true,"href":"https:\/\/parc-robinson.fr\/es\/wp-json\/wp\/v2\/users\/1"}],"replies":[{"embeddable":true,"href":"https:\/\/parc-robinson.fr\/es\/wp-json\/wp\/v2\/comments?post=927"}],"version-history":[{"count":1,"href":"https:\/\/parc-robinson.fr\/es\/wp-json\/wp\/v2\/pages\/927\/revisions"}],"predecessor-version":[{"id":928,"href":"https:\/\/parc-robinson.fr\/es\/wp-json\/wp\/v2\/pages\/927\/revisions\/928"}],"wp:attachment":[{"href":"https:\/\/parc-robinson.fr\/es\/wp-json\/wp\/v2\/media?parent=927"}],"curies":[{"name":"wp","href":"https:\/\/api.w.org\/{rel}","templated":true}]}}