{"id":929,"date":"2018-02-14T11:30:02","date_gmt":"2018-02-14T10:30:02","guid":{"rendered":"https:\/\/parc-robinson.fr\/tarifas\/"},"modified":"2025-08-08T14:15:11","modified_gmt":"2025-08-08T12:15:11","slug":"tarifas","status":"publish","type":"page","link":"https:\/\/parc-robinson.fr\/es\/tarifas\/","title":{"rendered":"Tarifas"},"content":{"rendered":"<div class=\"wpb-content-wrapper\"><p>[vc_row css_animation=\u00bb\u00bb row_type=\u00bbrow\u00bb use_row_as_full_screen_section=\u00bbno\u00bb type=\u00bbgrid\u00bb angled_section=\u00bbno\u00bb text_align=\u00bbleft\u00bb background_image_as_pattern=\u00bbwithout_pattern\u00bb css=\u00bb.vc_custom_1750422194988{padding-top: 105px !important;}\u00bb z_index=\u00bb\u00bb el_class=\u00bbpricing-two\u00bb][vc_column][vc_column_text css=\u00bb\u00bb el_class=\u00bbtitle\u00bb]<\/p>\n<p style=\"text-align: center;\">Tarifas individuales<\/p>\n<p>[\/vc_column_text][vc_empty_space height=\u00bb30px\u00bb][\/vc_column][\/vc_row][vc_row css_animation=\u00bb\u00bb row_type=\u00bbrow\u00bb use_row_as_full_screen_section=\u00bbno\u00bb type=\u00bbgrid\u00bb angled_section=\u00bbno\u00bb text_align=\u00bbleft\u00bb background_image_as_pattern=\u00bbwithout_pattern\u00bb z_index=\u00bb\u00bb el_class=\u00bbtarif-table\u00bb][vc_column width=\u00bb1\/3&#8243; offset=\u00bbvc_hidden-xs\u00bb][vc_empty_space height=\u00bb70px\u00bb][vc_column_text css=\u00bb.vc_custom_1750414688363{border-top-width: 1px !important;border-top-style: solid !important;border-radius: 1px !important;border-color: #B5B5B54D !important;}\u00bb]Entrada individual para ni\u00f1os (de 6 a 13 a\u00f1os)[\/vc_column_text][vc_column_text css=\u00bb.vc_custom_1750415411612{border-top-width: 1px !important;border-top-style: solid !important;border-radius: 1px !important;border-color: #B5B5B54D !important;}\u00bb]Entrada individual para adultos (a partir de 14 a\u00f1os)[\/vc_column_text][vc_column_text css=\u00bb.vc_custom_1750415434746{border-top-width: 1px !important;border-top-style: solid !important;border-radius: 1px !important;border-color: #B5B5B54D !important;}\u00bb]Cuaderno de 10 entradas para ni\u00f1os[\/vc_column_text][vc_column_text css=\u00bb.vc_custom_1750415453545{border-top-width: 1px !important;border-top-style: solid !important;border-radius: 1px !important;border-color: #B5B5B54D !important;}\u00bb]Libro de 10 entradas para adultos[\/vc_column_text][vc_column_text css=\u00bb.vc_custom_1750415474995{border-top-width: 1px !important;border-top-style: solid !important;border-radius: 1px !important;border-color: #B5B5B54D !important;}\u00bb]Mini recorrido (menores de 6 a\u00f1os)[\/vc_column_text][vc_column_text css=\u00bb.vc_custom_1750415489284{border-top-width: 1px !important;border-top-style: solid !important;border-radius: 1px !important;border-color: #B5B5B54D !important;}\u00bb]Visitante[\/vc_column_text][vc_column_text css=\u00bb.vc_custom_1750415507585{border-top-width: 1px !important;border-top-style: solid !important;border-radius: 1px !important;border-color: #B5B5B54D !important;}\u00bb]Tarjeta regalo de 20 \u20ac[\/vc_column_text][vc_column_text css=\u00bb.vc_custom_1750415522604{border-top-width: 1px !important;border-top-style: solid !important;border-radius: 1px !important;border-color: #B5B5B54D !important;}\u00bb]Tarjeta regalo de 50 \u20ac[\/vc_column_text][vc_column_text css=\u00bb.vc_custom_1750415540458{border-top-width: 1px !important;border-top-style: solid !important;border-radius: 1px !important;border-color: #B5B5B54D !important;}\u00bb]Lanzamiento de hachas 30 min[\/vc_column_text][vc_column_text css=\u00bb.vc_custom_1750415562290{border-top-width: 1px !important;border-top-style: solid !important;border-radius: 1px !important;border-color: #B5B5B54D !important;}\u00bb]Lanzamiento de hachas 1 h[\/vc_column_text][vc_column_text css=\u00bb.vc_custom_1750415592638{border-top-width: 1px !important;border-bottom-width: 1px !important;border-top-style: solid !important;border-bottom-style: solid !important;border-radius: 1px !important;border-color: #B5B5B54D !important;}\u00bb]Paquete Entrada para adultos + 30 minutos de lanzamiento de hachas[\/vc_column_text][\/vc_column][vc_column width=\u00bb2\/3&#8243;][vc_column_text css=\u00bb.vc_custom_1751019512176{background-color: #A08E3E !important;}\u00bb el_class=\u00bbtarif-title\u00bb]<\/p>\n<p style=\"text-align: center;\"><strong>Tarifa<\/strong><\/p>\n<p>[\/vc_column_text][vc_column_text css=\u00bb.vc_custom_1750667153430{border-top-width: 1px !important;background-color: #F4F6F7 !important;border-top-style: solid !important;border-radius: 1px !important;border-color: #B5B5B54D !important;}\u00bb]<\/p>\n<p class=\"mobile\" style=\"text-align: center;\">Entrada individual para ni\u00f1os (de 6 a 13 a\u00f1os)<\/p>\n<p style=\"text-align: center;\"><strong>17,00 \u20ac<\/strong><\/p>\n<p>[\/vc_column_text][vc_column_text css=\u00bb.vc_custom_1750667180785{border-top-width: 1px !important;background-color: #F4F6F7 !important;border-top-style: solid !important;border-radius: 1px !important;border-color: #B5B5B54D !important;}\u00bb]<\/p>\n<p class=\"mobile\" style=\"text-align: center;\">Entrada individual para adultos (a partir de 14 a\u00f1os)<\/p>\n<p style=\"text-align: center;\"><strong>22,50 \u20ac<\/strong><\/p>\n<p>[\/vc_column_text][vc_column_text css=\u00bb.vc_custom_1750667248256{border-top-width: 1px !important;background-color: #F4F6F7 !important;border-top-style: solid !important;border-radius: 1px !important;border-color: #B5B5B54D !important;}\u00bb]<\/p>\n<p class=\"mobile\" style=\"text-align: center;\">Cuaderno de 10 entradas para ni\u00f1os<\/p>\n<p style=\"text-align: center;\"><strong>150,00 \u20ac<\/strong><\/p>\n<p>[\/vc_column_text][vc_column_text css=\u00bb.vc_custom_1750667266517{border-top-width: 1px !important;background-color: #F4F6F7 !important;border-top-style: solid !important;border-radius: 1px !important;border-color: #B5B5B54D !important;}\u00bb]<\/p>\n<p class=\"mobile\" style=\"text-align: center;\">Libro de 10 entradas para adultos<\/p>\n<p style=\"text-align: center;\"><strong>195,00 \u20ac<\/strong><\/p>\n<p>[\/vc_column_text][vc_column_text css=\u00bb.vc_custom_1750667291580{border-top-width: 1px !important;background-color: #F4F6F7 !important;border-top-style: solid !important;border-radius: 1px !important;border-color: #B5B5B54D !important;}\u00bb]<\/p>\n<p class=\"mobile\" style=\"text-align: center;\">Mini recorrido (menores de 6 a\u00f1os)<\/p>\n<p style=\"text-align: center;\"><strong>14,00 \u20ac<\/strong><\/p>\n<p>[\/vc_column_text][vc_column_text css=\u00bb.vc_custom_1750667304110{border-top-width: 1px !important;background-color: #F4F6F7 !important;border-top-style: solid !important;border-radius: 1px !important;border-color: #B5B5B54D !important;}\u00bb]<\/p>\n<p class=\"mobile\" style=\"text-align: center;\">Visitante<\/p>\n<p style=\"text-align: center;\"><strong>2,00 \u20ac<\/strong><\/p>\n<p>[\/vc_column_text][vc_column_text css=\u00bb.vc_custom_1750667327478{border-top-width: 1px !important;background-color: #F4F6F7 !important;border-top-style: solid !important;border-radius: 1px !important;border-color: #B5B5B54D !important;}\u00bb]<\/p>\n<p class=\"mobile\" style=\"text-align: center;\">Tarjeta regalo de 20 \u20ac<\/p>\n<p style=\"text-align: center;\"><strong>20,00 \u20ac<\/strong><\/p>\n<p>[\/vc_column_text][vc_column_text css=\u00bb.vc_custom_1750667343350{border-top-width: 1px !important;background-color: #F4F6F7 !important;border-top-style: solid !important;border-radius: 1px !important;border-color: #B5B5B54D !important;}\u00bb]<\/p>\n<p class=\"mobile\" style=\"text-align: center;\">Tarjeta regalo de 50 \u20ac<\/p>\n<p style=\"text-align: center;\"><strong>50,00 \u20ac<\/strong><\/p>\n<p>[\/vc_column_text][vc_column_text css=\u00bb.vc_custom_1750667370222{border-top-width: 1px !important;background-color: #F4F6F7 !important;border-top-style: solid !important;border-radius: 1px !important;border-color: #B5B5B54D !important;}\u00bb]<\/p>\n<p class=\"mobile\" style=\"text-align: center;\">Lanzamiento de hachas 30 min<\/p>\n<p style=\"text-align: center;\"><strong>10,00 \u20ac<\/strong><\/p>\n<p>[\/vc_column_text][vc_column_text css=\u00bb.vc_custom_1750667386480{border-top-width: 1px !important;background-color: #F4F6F7 !important;border-top-style: solid !important;border-radius: 1px !important;border-color: #B5B5B54D !important;}\u00bb]<\/p>\n<p class=\"mobile\" style=\"text-align: center;\">Lanzamiento de hachas 1 h<\/p>\n<p style=\"text-align: center;\"><strong>15,00 \u20ac<\/strong><\/p>\n<p>[\/vc_column_text][vc_column_text css=\u00bb.vc_custom_1750667417130{border-top-width: 1px !important;border-bottom-width: 1px !important;background-color: #F4F6F7 !important;border-top-style: solid !important;border-bottom-style: solid !important;border-radius: 1px !important;border-color: #B5B5B54D !important;}\u00bb]<\/p>\n<p class=\"mobile\" style=\"text-align: center;\">Paquete Entrada para adultos + 30 minutos de lanzamiento de hachas<\/p>\n<p style=\"text-align: center;\"><strong>30,00 \u20ac<\/strong><\/p>\n<p>[\/vc_column_text][\/vc_column][\/vc_row][vc_row css_animation=\u00bb\u00bb row_type=\u00bbrow\u00bb use_row_as_full_screen_section=\u00bbno\u00bb type=\u00bbgrid\u00bb angled_section=\u00bbno\u00bb text_align=\u00bbleft\u00bb background_image_as_pattern=\u00bbwithout_pattern\u00bb z_index=\u00bb\u00bb el_class=\u00bbpricing-two\u00bb css=\u00bb.vc_custom_1750422761941{padding-bottom: 105px !important;}\u00bb][vc_column][vc_empty_space height=\u00bb40px\u00bb][vc_column_text css=\u00bb\u00bb]Formas de pago aceptadas: tarjeta de cr\u00e9dito, efectivo, cheques de vacaciones ANCV.[\/vc_column_text][\/vc_column][\/vc_row][vc_row css_animation=\u00bb\u00bb row_type=\u00bbrow\u00bb use_row_as_full_screen_section=\u00bbno\u00bb type=\u00bbgrid\u00bb angled_section=\u00bbno\u00bb text_align=\u00bbleft\u00bb background_image_as_pattern=\u00bbwithout_pattern\u00bb z_index=\u00bb\u00bb el_class=\u00bbpricing-two\u00bb][vc_column][vc_column_text css=\u00bb\u00bb el_class=\u00bbtitle\u00bb]<\/p>\n<p style=\"text-align: center;\">Tarifas para grupos (m\u00e1s de 15 personas)<\/p>\n<p>[\/vc_column_text][vc_empty_space height=\u00bb30px\u00bb][\/vc_column][\/vc_row][vc_row css_animation=\u00bb\u00bb row_type=\u00bbrow\u00bb use_row_as_full_screen_section=\u00bbno\u00bb type=\u00bbgrid\u00bb angled_section=\u00bbno\u00bb text_align=\u00bbleft\u00bb background_image_as_pattern=\u00bbwithout_pattern\u00bb z_index=\u00bb\u00bb el_class=\u00bbtarif-table\u00bb][vc_column width=\u00bb1\/3&#8243; offset=\u00bbvc_hidden-xs\u00bb][vc_empty_space height=\u00bb70px\u00bb][vc_column_text css=\u00bb.vc_custom_1750422293034{border-top-width: 1px !important;border-top-style: solid !important;border-radius: 1px !important;border-color: #B5B5B54D !important;}\u00bb]Entrada para grupos de ni\u00f1os[\/vc_column_text][vc_column_text css=\u00bb.vc_custom_1750422304342{border-top-width: 1px !important;border-bottom-width: 1px !important;border-top-style: solid !important;border-bottom-style: solid !important;border-radius: 1px !important;border-color: #B5B5B54D !important;}\u00bb]Entrada para adultos en grupo[\/vc_column_text][\/vc_column][vc_column width=\u00bb2\/3&#8243;][vc_column_text css=\u00bb.vc_custom_1751019521445{background-color: #A08E3E !important;}\u00bb el_class=\u00bbtarif-title\u00bb]<\/p>\n<p style=\"text-align: center;\"><strong>Tarifa<\/strong><\/p>\n<p>[\/vc_column_text][vc_column_text css=\u00bb.vc_custom_1750667459326{border-top-width: 1px !important;background-color: #F4F6F7 !important;border-top-style: solid !important;border-radius: 1px !important;border-color: #B5B5B54D !important;}\u00bb]<\/p>\n<p class=\"mobile\" style=\"text-align: center;\">Entrada para grupos de ni\u00f1os<\/p>\n<p style=\"text-align: center;\"><strong>15,00 \u20ac<\/strong><\/p>\n<p>[\/vc_column_text][vc_column_text css=\u00bb.vc_custom_1750667477018{border-top-width: 1px !important;border-bottom-width: 1px !important;background-color: #F4F6F7 !important;border-top-style: solid !important;border-bottom-style: solid !important;border-radius: 1px !important;border-color: #B5B5B54D !important;}\u00bb]<\/p>\n<p class=\"mobile\" style=\"text-align: center;\">Entrada para adultos en grupo<\/p>\n<p style=\"text-align: center;\"><strong>19,50 \u20ac<\/strong><\/p>\n<p>[\/vc_column_text][\/vc_column][\/vc_row][vc_row css_animation=\u00bb\u00bb row_type=\u00bbrow\u00bb use_row_as_full_screen_section=\u00bbno\u00bb type=\u00bbgrid\u00bb angled_section=\u00bbno\u00bb text_align=\u00bbleft\u00bb background_image_as_pattern=\u00bbwithout_pattern\u00bb z_index=\u00bb\u00bb el_class=\u00bbpricing-two\u00bb][vc_column][vc_empty_space height=\u00bb40px\u00bb][vc_column_text css=\u00bb\u00bb]Cons\u00faltenos.[\/vc_column_text][\/vc_column][\/vc_row][vc_row css_animation=\u00bb\u00bb row_type=\u00bbrow\u00bb use_row_as_full_screen_section=\u00bbno\u00bb type=\u00bbgrid\u00bb angled_section=\u00bbno\u00bb text_align=\u00bbcenter\u00bb background_image_as_pattern=\u00bbwithout_pattern\u00bb css=\u00bb.vc_custom_1751464945421{padding-top: 90px !important;padding-bottom: 90px !important;}\u00bb z_index=\u00bb\u00bb][vc_column][vc_column_text css=\u00bb.vc_custom_1751371570970{padding-right: 5px !important;}\u00bb el_class=\u00bbpretitle\u00bb]<\/p>\n<p style=\"text-align: center;\">Ubicaci\u00f3n<\/p>\n<p>[\/vc_column_text][vc_empty_space height=\u00bb10px\u00bb][vc_column_text css=\u00bb\u00bb el_class=\u00bbtitle\u00bb]<\/p>\n<h2 style=\"text-align: center;\">Labenne Oc\u00e9an (40)<\/h2>\n<p>[\/vc_column_text][vc_empty_space height=\u00bb30px\u00bb][vc_row_inner row_type=\u00bbrow\u00bb type=\u00bbfull_width\u00bb text_align=\u00bbleft\u00bb css_animation=\u00bb\u00bb][vc_column_inner][vc_column_text css=\u00bb\u00bb]<\/p>\n<p style=\"text-align: center;\"><strong>Situado en las Landas (40), en el coraz\u00f3n de la estaci\u00f3n balnearia de Labenne Oc\u00e9an, el Parque Robinson es el mayor parque de accrobranche de Aquitania.<\/strong><\/p>\n<p>[\/vc_column_text][vc_empty_space height=\u00bb25px\u00bb]<span data-type=\"normal\" data-hover-icon-color=\"#A08E3E\" class=\"qode_icon_shortcode  q_font_awsome_icon fa-4x pull-center \" style=\" \"><i class=\"qode_icon_font_awesome fa fa-map-marker qode_icon_element\" style=\"color: #A08E3E;\" ><\/i><\/span>[vc_empty_space height=\u00bb10px\u00bb][vc_column_text css=\u00bb\u00bb]<\/p>\n<p style=\"text-align: center;\"><strong>Av. de l&#8217;Oc\u00e9an, 40530 Labenne<\/strong><\/p>\n<p>[\/vc_column_text][vc_empty_space height=\u00bb25px\u00bb][vc_column_text css=\u00bb\u00bb]<\/p>\n<p style=\"text-align: center;\">Parc Robinson ofrece juegos y actividades de trepar a los \u00e1rboles para todas las edades.<\/p>\n<p style=\"text-align: center;\">Disfruta de un momento de diversi\u00f3n en uno de nuestros muchos cursos de accrobranche.<\/p>\n<p style=\"text-align: center;\"><strong>Situada a 5 km de Capbreton y a 10 km de Hossegor, a 15 km de Bayona y a 20 km de Biarritz.<\/strong><\/p>\n<p>[\/vc_column_text][vc_empty_space height=\u00bb85px\u00bb][\/vc_column_inner][vc_column_inner width=\u00bb1\/4&#8243;][\/vc_column_inner][vc_column_inner el_class=\u00bbicon-text-link\u00bb width=\u00bb1\/4&#8243;]<span data-type=\"normal\" data-hover-icon-color=\"#000000\" class=\"qode_icon_shortcode  q_font_awsome_icon fa-4x pull-center \" style=\" \"><a  itemprop=\"url\" href=\"https:\/\/maps.app.goo.gl\/CxYxMzpRFYVRy7Zi6\" target=\"_blank\"><i class=\"qode_icon_font_awesome fa fa-map qode_icon_element\" style=\"color: #A08E3E;\" ><\/i><\/a><\/span>[vc_column_text css=\u00bb\u00bb]<\/p>\n<p style=\"text-align: center;\"><a href=\"https:\/\/maps.app.goo.gl\/CxYxMzpRFYVRy7Zi6\" target=\"_blank\" rel=\"noopener\">Itinerario Google<\/a><\/p>\n<p>[\/vc_column_text][\/vc_column_inner][vc_column_inner el_class=\u00bbicon-text-link\u00bb width=\u00bb1\/4&#8243;]<span data-type=\"normal\" data-hover-icon-color=\"#000000\" class=\"qode_icon_shortcode  q_font_awsome_icon fa-4x pull-center \" style=\" \"><a  itemprop=\"url\" href=\"https:\/\/ul.waze.com\/ul?place=ChIJf3AS_ohEUQ0RPHiGxkm47tY&#038;ll=43.59494740%2C-1.45416870&#038;navigate=yes&#038;utm_campaign=default&#038;utm_source=waze_website&#038;utm_medium=lm_share_location\" target=\"_blank\"><i class=\"qode_icon_font_awesome_5 fa5 fab fa-waze qode_icon_element\" style=\"color: #A08E3E;\" ><\/i><\/a><\/span>[vc_column_text css=\u00bb\u00bb]<\/p>\n<p style=\"text-align: center;\"><a href=\"https:\/\/ul.waze.com\/ul?place=ChIJf3AS_ohEUQ0RPHiGxkm47tY&amp;ll=43.59494740%2C-1.45416870&amp;navigate=yes&amp;utm_campaign=default&amp;utm_source=waze_website&amp;utm_medium=lm_share_location\" target=\"_blank\" rel=\"noopener\">ruta waze<\/a><\/p>\n<p>[\/vc_column_text][\/vc_column_inner][vc_column_inner width=\u00bb1\/4&#8243;][\/vc_column_inner][\/vc_row_inner][\/vc_column][\/vc_row]<\/p>\n<\/div>","protected":false},"excerpt":{"rendered":"<p>[vc_row css_animation=\u00bb\u00bb row_type=\u00bbrow\u00bb use_row_as_full_screen_section=\u00bbno\u00bb type=\u00bbgrid\u00bb angled_section=\u00bbno\u00bb text_align=\u00bbleft\u00bb background_image_as_pattern=\u00bbwithout_pattern\u00bb css=\u00bb.vc_custom_1750422194988{padding-top: 105px !important;}\u00bb z_index=\u00bb\u00bb el_class=\u00bbpricing-two\u00bb][vc_column][vc_column_text css=\u00bb\u00bb el_class=\u00bbtitle\u00bb] Tarifas individuales [\/vc_column_text][vc_empty_space height=\u00bb30px\u00bb][\/vc_column][\/vc_row][vc_row css_animation=\u00bb\u00bb row_type=\u00bbrow\u00bb use_row_as_full_screen_section=\u00bbno\u00bb type=\u00bbgrid\u00bb angled_section=\u00bbno\u00bb text_align=\u00bbleft\u00bb background_image_as_pattern=\u00bbwithout_pattern\u00bb z_index=\u00bb\u00bb el_class=\u00bbtarif-table\u00bb][vc_column width=\u00bb1\/3&#8243; offset=\u00bbvc_hidden-xs\u00bb][vc_empty_space height=\u00bb70px\u00bb][vc_column_text css=\u00bb.vc_custom_1750414688363{border-top-width: 1px !important;border-top-style: solid !important;border-radius: 1px !important;border-color: #B5B5B54D !important;}\u00bb]Entrada individual para ni\u00f1os (de 6&#8230;<\/p>\n","protected":false},"author":1,"featured_media":0,"parent":0,"menu_order":0,"comment_status":"closed","ping_status":"closed","template":"full_width.php","meta":{"_seopress_robots_primary_cat":"","_seopress_titles_title":"Tarifs - Parc accrobranche Labenne Oc\u00e9an Landes","_seopress_titles_desc":"","_seopress_robots_index":"","footnotes":""},"class_list":["post-929","page","type-page","status-publish","hentry"],"_links":{"self":[{"href":"https:\/\/parc-robinson.fr\/es\/wp-json\/wp\/v2\/pages\/929","targetHints":{"allow":["GET"]}}],"collection":[{"href":"https:\/\/parc-robinson.fr\/es\/wp-json\/wp\/v2\/pages"}],"about":[{"href":"https:\/\/parc-robinson.fr\/es\/wp-json\/wp\/v2\/types\/page"}],"author":[{"embeddable":true,"href":"https:\/\/parc-robinson.fr\/es\/wp-json\/wp\/v2\/users\/1"}],"replies":[{"embeddable":true,"href":"https:\/\/parc-robinson.fr\/es\/wp-json\/wp\/v2\/comments?post=929"}],"version-history":[{"count":4,"href":"https:\/\/parc-robinson.fr\/es\/wp-json\/wp\/v2\/pages\/929\/revisions"}],"predecessor-version":[{"id":965,"href":"https:\/\/parc-robinson.fr\/es\/wp-json\/wp\/v2\/pages\/929\/revisions\/965"}],"wp:attachment":[{"href":"https:\/\/parc-robinson.fr\/es\/wp-json\/wp\/v2\/media?parent=929"}],"curies":[{"name":"wp","href":"https:\/\/api.w.org\/{rel}","templated":true}]}}